{"id":23334,"date":"2022-08-31T12:06:47","date_gmt":"2022-08-31T10:06:47","guid":{"rendered":"https:\/\/smania.store\/es\/producto\/afilador-de-brocas-easysharp\/"},"modified":"2022-09-28T09:24:55","modified_gmt":"2022-09-28T07:24:55","slug":"afilador-de-brocas-easysharp","status":"publish","type":"product","link":"https:\/\/smania.store\/es\/producto\/afilador-de-brocas-easysharp\/","title":{"rendered":"Afilador de brocas EasySharp"},"content":{"rendered":"<div class=\"smania_landing_description_title\">\u00a1NUEVO! Afilador de brocas EasySharp<\/div>\n<div class=\"smania_landing_description_txt\">\u00a1Mejore su rendimiento laboral!<\/div>\n<div class=\"smania_landing_description_subtitle\">Mantenga sus brocas incre\u00edblemente afiladas  y listas para usar con esta eficaz herramienta EasySharp. Acople su taladro el\u00e9ctrico y afile las brocas con facilidad en un abrir y cerrar de ojos.<\/div>\n<div class=\"smania_landing_description_list\">\n<ul>\n<li>La piedra de afilar de alta calidad proporciona un borde suave, uniforme y afilado a las brocas<\/li>\n<li>Extremadamente compacto y port\u00e1til <\/li>\n<li>Hecho de material ABS duradero<\/li>\n<li>Para varios tama\u00f1os de brocas<\/li>\n<li>F\u00e1cil de usar con cualquier taladro el\u00e9ctrico manual<\/li>\n<\/ul><\/div>\n","protected":false},"excerpt":{"rendered":"<p>F\u00e1cil de usar|Compacto y port\u00e1til|Afilado preciso|Ahorra tiempo y dinero|Siempre el \u00e1ngulo de afilado perfecto|Color: azul o naranja|Para brocas de 2 a 12,5 mm de di\u00e1metro|Peso: 91 g<\/p>\n","protected":false},"featured_media":23662,"template":"","meta":[],"product_cat":[1602],"product_tag":[1635],"acf":[],"_links":{"self":[{"href":"https:\/\/smania.store\/es\/wp-json\/wp\/v2\/product\/23334"}],"collection":[{"href":"https:\/\/smania.store\/es\/wp-json\/wp\/v2\/product"}],"about":[{"href":"https:\/\/smania.store\/es\/wp-json\/wp\/v2\/types\/product"}],"wp:featuredmedia":[{"embeddable":true,"href":"https:\/\/smania.store\/es\/wp-json\/wp\/v2\/media\/23662"}],"wp:attachment":[{"href":"https:\/\/smania.store\/es\/wp-json\/wp\/v2\/media?parent=23334"}],"wp:term":[{"taxonomy":"product_cat","embeddable":true,"href":"https:\/\/smania.store\/es\/wp-json\/wp\/v2\/product_cat?post=23334"},{"taxonomy":"product_tag","embeddable":true,"href":"https:\/\/smania.store\/es\/wp-json\/wp\/v2\/product_tag?post=23334"}],"curies":[{"name":"wp","href":"https:\/\/api.w.org\/{rel}","templated":true}]}}