{"id":23244,"date":"2022-08-31T11:51:05","date_gmt":"2022-08-31T09:51:05","guid":{"rendered":"https:\/\/smania.store\/es\/producto\/collar-misericordia\/"},"modified":"2022-08-31T11:51:08","modified_gmt":"2022-08-31T09:51:08","slug":"collar-misericordia","status":"publish","type":"product","link":"https:\/\/smania.store\/es\/producto\/collar-misericordia\/","title":{"rendered":"Collar Misericordia"},"content":{"rendered":"<div class=\"smania_landing_description_title\">\u00a1NUEVO! Collar de Misericordia<\/div>\n<div class=\"smania_landing_description_txt\">\u00a1Presuma de sus creencias con estilo!<\/div>\n<div class=\"smania_landing_description_subtitle\">Elaborado con un c\u00e1lido ba\u00f1o de oro, plata u oro rosa, este impresionante collar vintage presenta un sencillo colgante en forma de cruz. Este s\u00edmbolo espiritual atemporal cuelga de una cadena de 41 cm que se sujeta con un cierre de anilla.<\/div>\n<div class=\"smania_landing_description_list\">\n<ul>\n<li>Pulido para un brillo intenso<\/li>\n<li>Disponible en 3 colores atemporales<\/li>\n<li>Colgante de cruz minimalista<\/li>\n<li>Dise\u00f1o universal y atemporal<\/li>\n<li>Combina bien con cualquier prenda de vestir<\/li>\n<\/ul><\/div>\n","protected":false},"excerpt":{"rendered":"<p>Dise\u00f1o cl\u00e1sico e intemporal|Se asegura con un cierre de anillo de resorte|La cruz se suspende a lo largo de una cadena de 41 cm|Peso: 7 g|Material: aleaci\u00f3n de metales|El regalo perfecto para cualquier mujer<\/p>\n","protected":false},"featured_media":23236,"template":"","meta":[],"product_cat":[1598,1706],"product_tag":[1608,1663],"acf":[],"_links":{"self":[{"href":"https:\/\/smania.store\/es\/wp-json\/wp\/v2\/product\/23244"}],"collection":[{"href":"https:\/\/smania.store\/es\/wp-json\/wp\/v2\/product"}],"about":[{"href":"https:\/\/smania.store\/es\/wp-json\/wp\/v2\/types\/product"}],"wp:featuredmedia":[{"embeddable":true,"href":"https:\/\/smania.store\/es\/wp-json\/wp\/v2\/media\/23236"}],"wp:attachment":[{"href":"https:\/\/smania.store\/es\/wp-json\/wp\/v2\/media?parent=23244"}],"wp:term":[{"taxonomy":"product_cat","embeddable":true,"href":"https:\/\/smania.store\/es\/wp-json\/wp\/v2\/product_cat?post=23244"},{"taxonomy":"product_tag","embeddable":true,"href":"https:\/\/smania.store\/es\/wp-json\/wp\/v2\/product_tag?post=23244"}],"curies":[{"name":"wp","href":"https:\/\/api.w.org\/{rel}","templated":true}]}}