{"id":23212,"date":"2022-08-31T11:46:07","date_gmt":"2022-08-31T09:46:07","guid":{"rendered":"https:\/\/smania.store\/es\/producto\/flotador-plegable-lazy-marvin\/"},"modified":"2022-08-31T11:46:10","modified_gmt":"2022-08-31T09:46:10","slug":"flotador-plegable-lazy-marvin","status":"publish","type":"product","link":"https:\/\/smania.store\/es\/producto\/flotador-plegable-lazy-marvin\/","title":{"rendered":"Flotador plegable Lazy Marvin"},"content":{"rendered":"<div class=\"smania_landing_description_title\">\u00a1Nuevo! Flotador plegable Lazy Marvin<\/div>\n<div class=\"smania_landing_description_txt\">\u00a1Disfrute del caluroso verano flotando en el agua!<\/div>\n<div class=\"smania_landing_description_subtitle\">Enam\u00f3rese del verano con el flotador Lazy Marvin. Se acabaron los grandes y torpes flotadores que el viento se lleva f\u00e1cilmente. Con este flotador plegable, usted ir\u00e1 a la playa o a la piscina ligero de equipaje, y sus manos quedar\u00e1n libres para llevar otros elementos esenciales.<\/div>\n<div class=\"smania_landing_description_list\">\n<ul>\n<li>Dise\u00f1o plegable para facilitar el transporte<\/li>\n<li>El dise\u00f1o permite que el agua le refresque agradablemente mientras se relaja<\/li>\n<li>Se adapta perfectamente a todas las formas del cuerpo<\/li>\n<li>Las olas no lo vuelcan, como suele ocurrir con los flotadores normales<\/li>\n<li>Gran capacidad de carga y producci\u00f3n de calidad<\/li>\n<\/ul><\/div>\n","protected":false},"excerpt":{"rendered":"<p>Forma plegable y port\u00e1til|Dise\u00f1o de respaldo \u00fanico|Se adapta c\u00f3modamente a cualquier forma de cuerpo|Calidad de fabricaci\u00f3n|Material: PVC|Tma\u00f1o: 100 \u00d7 120 cm<\/p>\n","protected":false},"featured_media":23204,"template":"","meta":[],"product_cat":[1599,1706],"product_tag":[1624],"acf":[],"_links":{"self":[{"href":"https:\/\/smania.store\/es\/wp-json\/wp\/v2\/product\/23212"}],"collection":[{"href":"https:\/\/smania.store\/es\/wp-json\/wp\/v2\/product"}],"about":[{"href":"https:\/\/smania.store\/es\/wp-json\/wp\/v2\/types\/product"}],"wp:featuredmedia":[{"embeddable":true,"href":"https:\/\/smania.store\/es\/wp-json\/wp\/v2\/media\/23204"}],"wp:attachment":[{"href":"https:\/\/smania.store\/es\/wp-json\/wp\/v2\/media?parent=23212"}],"wp:term":[{"taxonomy":"product_cat","embeddable":true,"href":"https:\/\/smania.store\/es\/wp-json\/wp\/v2\/product_cat?post=23212"},{"taxonomy":"product_tag","embeddable":true,"href":"https:\/\/smania.store\/es\/wp-json\/wp\/v2\/product_tag?post=23212"}],"curies":[{"name":"wp","href":"https:\/\/api.w.org\/{rel}","templated":true}]}}