{"id":23182,"date":"2022-08-31T11:42:00","date_gmt":"2022-08-31T09:42:00","guid":{"rendered":"https:\/\/smania.store\/es\/producto\/bolsa-de-pierna-weston\/"},"modified":"2023-01-12T02:10:58","modified_gmt":"2023-01-12T01:10:58","slug":"bolsa-de-pierna-weston","status":"publish","type":"product","link":"https:\/\/smania.store\/es\/producto\/bolsa-de-pierna-weston\/","title":{"rendered":"Bolsa de pierna Weston"},"content":{"rendered":"<div class=\"smania_landing_description_title\">\u00a1NUEVO! Bolsa de pierna Weston<\/div>\n<div class=\"smania_landing_description_txt\">\u00a1La primera opci\u00f3n para moteros, ciclistas y deportistas!<\/div>\n<div class=\"smania_landing_description_subtitle\">Perfecto para organizar y transportar diversos accesorios. Incre\u00edblemente espacioso y pr\u00e1ctico, ya que podr\u00e1 alcanzar todos sus objetos \u00a1incluso sentado!<\/div>\n<div class=\"smania_landing_description_list\">\n<ul>\n<li>Acceso r\u00e1pido y f\u00e1cil<\/li>\n<li>Tres bolsillos con cremallera en el exterior<\/li>\n<li>Dos bolsillos interiores de malla con mucho espacio de almacenamiento<\/li>\n<li>Un bolsillo exterior oculto con cremallera para el tel\u00e9fono y otros objetos de valor<\/li>\n<li>Fabricado con un material impermeable de alta calidad<\/li>\n<\/ul><\/div>\n","protected":false},"excerpt":{"rendered":"<p>Tiras reflectantes para una mejor visibilidad|2 anillos de presi\u00f3n para llevar las llaves|Orificio para el cable AUX para los auriculares|Parte trasera de material de malla transpirable|Cierres resistentes de alta calidad|Hecho de material oxford impermeable|Tama\u00f1o: 29 \u00d7 29 \u00d7 10\u201315 cm|Correa ajustable hasta 130 cm<\/p>\n","protected":false},"featured_media":23172,"template":"","meta":[],"product_cat":[1599],"product_tag":[1624],"acf":[],"_links":{"self":[{"href":"https:\/\/smania.store\/es\/wp-json\/wp\/v2\/product\/23182"}],"collection":[{"href":"https:\/\/smania.store\/es\/wp-json\/wp\/v2\/product"}],"about":[{"href":"https:\/\/smania.store\/es\/wp-json\/wp\/v2\/types\/product"}],"wp:featuredmedia":[{"embeddable":true,"href":"https:\/\/smania.store\/es\/wp-json\/wp\/v2\/media\/23172"}],"wp:attachment":[{"href":"https:\/\/smania.store\/es\/wp-json\/wp\/v2\/media?parent=23182"}],"wp:term":[{"taxonomy":"product_cat","embeddable":true,"href":"https:\/\/smania.store\/es\/wp-json\/wp\/v2\/product_cat?post=23182"},{"taxonomy":"product_tag","embeddable":true,"href":"https:\/\/smania.store\/es\/wp-json\/wp\/v2\/product_tag?post=23182"}],"curies":[{"name":"wp","href":"https:\/\/api.w.org\/{rel}","templated":true}]}}