{"id":23051,"date":"2022-06-13T06:35:25","date_gmt":"2022-06-13T04:35:25","guid":{"rendered":"https:\/\/smania.store\/es\/producto\/set-de-decoracion-floral-para-tartas\/"},"modified":"2023-01-07T22:20:16","modified_gmt":"2023-01-07T21:20:16","slug":"set-de-decoracion-floral-para-tartas","status":"publish","type":"product","link":"https:\/\/smania.store\/es\/producto\/set-de-decoracion-floral-para-tartas\/","title":{"rendered":"Set de decoraci\u00f3n floral para tartas y pasteles"},"content":{"rendered":"<div class=\"smania_landing_description_title\">\u00a1Nuevo! Set de decoraci\u00f3n floral para tartas y pasteles<\/div>\n<div class=\"smania_landing_description_txt\">\u00a1Hornee como un profesional!<\/div>\n<div class=\"smania_landing_description_subtitle\">Este juego de decoraci\u00f3n floral de acero inoxidable llevar\u00e1 sus habilidades de reposter\u00eda al siguiente nivel. Las piezas son duraderas, c\u00f3modas de usar y f\u00e1ciles de limpiar: una opci\u00f3n perfecta tanto para los pasteleros profesionales como para los aficionados a la cocina.<\/div>\n<div class=\"smania_landing_description_list\">\n<ul>\n<li>Cree impresionantes decoraciones florales<\/li>\n<li>9 \u00f3 14 puntas de tubo de acero inoxidable diferentes<\/li>\n<li>Apto para profesionales y aficionados<\/li>\n<li>Para decorar pasteles, tartas, magdalenas, donuts y mucho m\u00e1s<\/li>\n<li>Disponible en un set de 13 o de 27 piezas<\/li>\n<\/ul><\/div>\n","protected":false},"excerpt":{"rendered":"<p>Reutilizable y f\u00e1cil de limpiar|Cree distintos dise\u00f1os florales|Utilice un glaseado colorido y grueso para conseguir unos efectos especiales|Disponible en set de 13 o 27 piezas|Apto para uso profesional y dom\u00e9stico|Material: silicona, acero inoxidable<\/p>\n","protected":false},"featured_media":23878,"template":"","meta":[],"product_cat":[1601,1706],"product_tag":[1628,1632,1657,1633],"acf":[],"_links":{"self":[{"href":"https:\/\/smania.store\/es\/wp-json\/wp\/v2\/product\/23051"}],"collection":[{"href":"https:\/\/smania.store\/es\/wp-json\/wp\/v2\/product"}],"about":[{"href":"https:\/\/smania.store\/es\/wp-json\/wp\/v2\/types\/product"}],"wp:featuredmedia":[{"embeddable":true,"href":"https:\/\/smania.store\/es\/wp-json\/wp\/v2\/media\/23878"}],"wp:attachment":[{"href":"https:\/\/smania.store\/es\/wp-json\/wp\/v2\/media?parent=23051"}],"wp:term":[{"taxonomy":"product_cat","embeddable":true,"href":"https:\/\/smania.store\/es\/wp-json\/wp\/v2\/product_cat?post=23051"},{"taxonomy":"product_tag","embeddable":true,"href":"https:\/\/smania.store\/es\/wp-json\/wp\/v2\/product_tag?post=23051"}],"curies":[{"name":"wp","href":"https:\/\/api.w.org\/{rel}","templated":true}]}}