{"id":22962,"date":"2022-06-10T08:44:40","date_gmt":"2022-06-10T06:44:40","guid":{"rendered":"https:\/\/smania.store\/es\/producto\/colgante-de-fast-furious\/"},"modified":"2023-05-12T17:25:06","modified_gmt":"2023-05-12T15:25:06","slug":"colgante-de-fast-furious","status":"publish","type":"product","link":"https:\/\/smania.store\/es\/producto\/colgante-de-fast-furious\/","title":{"rendered":"Colgante de Fast &amp; Furious"},"content":{"rendered":"<div class=\"smania_landing_description_title\">\u00a1Una pieza de joyer\u00eda sensacional! Colgante de Fast &amp; Furious<\/div>\n<div class=\"smania_landing_description_txt\">\u00a1Un accesorio perfecto para todos los fans de la pel\u00edcula!<\/div>\n<div class=\"smania_landing_description_subtitle\">Mu\u00e9strele al mundo que est\u00e1 preparado para cualquier reto y dist\u00edngase con esta pieza de joyer\u00eda \u00fanica, hecha a partir de la que aparece en la pel\u00edcula Fast and Furious. Haga un pedido para usted mismo o sorprenda a un amigo con este colgante tan deseado.<\/div>\n<div class=\"smania_landing_description_list\">\n<ul>\n<li>Una pieza de joyer\u00eda muy de moda que mostrar\u00e1 su atrevimiento<\/li>\n<li>Un accesorio de moda \u00fanico para perfeccionar su estilo<\/li>\n<li>Sin ning\u00fan tipo de duda es el colgante para hombre m\u00e1s demandado del momento<\/li>\n<li>Hecho de acero de alta calidad<\/li>\n<\/ul>\n<\/div>\n","protected":false},"excerpt":{"rendered":"<p>Accesorio moderno indispensable para los fans de la pel\u00edcula|Los colores son fieles al original|Agradable para la piel|A prueba de golpes|Disponible en 2 colores|Material: acero inoxidable|Longitud: 60 cm|Tama\u00f1o del colgante: 6 \u00d7 3,8 cm<\/p>\n","protected":false},"featured_media":22952,"template":"","meta":[],"product_cat":[1598,1706],"product_tag":[1608,1609],"acf":[],"_links":{"self":[{"href":"https:\/\/smania.store\/es\/wp-json\/wp\/v2\/product\/22962"}],"collection":[{"href":"https:\/\/smania.store\/es\/wp-json\/wp\/v2\/product"}],"about":[{"href":"https:\/\/smania.store\/es\/wp-json\/wp\/v2\/types\/product"}],"wp:featuredmedia":[{"embeddable":true,"href":"https:\/\/smania.store\/es\/wp-json\/wp\/v2\/media\/22952"}],"wp:attachment":[{"href":"https:\/\/smania.store\/es\/wp-json\/wp\/v2\/media?parent=22962"}],"wp:term":[{"taxonomy":"product_cat","embeddable":true,"href":"https:\/\/smania.store\/es\/wp-json\/wp\/v2\/product_cat?post=22962"},{"taxonomy":"product_tag","embeddable":true,"href":"https:\/\/smania.store\/es\/wp-json\/wp\/v2\/product_tag?post=22962"}],"curies":[{"name":"wp","href":"https:\/\/api.w.org\/{rel}","templated":true}]}}