{"id":22951,"date":"2022-06-09T08:42:57","date_gmt":"2022-06-09T06:42:57","guid":{"rendered":"https:\/\/smania.store\/es\/producto\/set-de-juego-dino-paradise\/"},"modified":"2022-06-09T08:42:57","modified_gmt":"2022-06-09T06:42:57","slug":"set-de-juego-dino-paradise","status":"publish","type":"product","link":"https:\/\/smania.store\/es\/producto\/set-de-juego-dino-paradise\/","title":{"rendered":"Set de juego Dino Paradise"},"content":{"rendered":"<div class=\"smania_landing_description_title\">\u00a1WOW! \ud83e\udd95 Set de juego Dino Paradise<\/div>\n<div class=\"smania_landing_description_txt\">\u00a1Un mundo fant\u00e1stico de gigantes misteriosos!<\/div>\n<div class=\"smania_landing_description_subtitle\">\u00bfQui\u00e9nes son estos gigantescos seres monstruosos, que sol\u00edan dominar el mundo entero?\u00a1Ahora puede conocerlos de cerca y descubrir el mundo de los poderosos depredadores!<\/div>\n<div class=\"smania_landing_description_list\">\n<ul>\n<li>Figuras realistas de varios dinosaurios<\/li>\n<li>Un mundo perfecto para todos los ni\u00f1os curiosos<\/li>\n<li>Fomenta la imaginaci\u00f3n del ni\u00f1o y el juego independiente<\/li>\n<li>Incluye una alfombra de juego y un ba\u00fal de almacenamiento<\/li>\n<li>Adecuado para ni\u00f1os mayores de 3 a\u00f1os<\/li>\n<\/ul><\/div>\n","protected":false},"excerpt":{"rendered":"<p>El set incluye 9 dinosaurios|5 \u00e1rboles para la creaci\u00f3n de un entorno|La alfombra de juego fomenta la imaginaci\u00f3n|Pr\u00e1ctico ba\u00fal para guardar piezas individuales|Un regalo perfecto para cualquier ni\u00f1o|Adecuado para ni\u00f1os mayores de 3 a\u00f1os|Dimensiones de la alfombra de juego: 80 \u00d7 70 cm|Dimensiones del ba\u00fal: 27,5 \u00d7 20 \u00d7 12 cm<\/p>\n","protected":false},"featured_media":22945,"template":"","meta":[],"product_cat":[1594,1706],"product_tag":[1604,1634,1633],"acf":[],"_links":{"self":[{"href":"https:\/\/smania.store\/es\/wp-json\/wp\/v2\/product\/22951"}],"collection":[{"href":"https:\/\/smania.store\/es\/wp-json\/wp\/v2\/product"}],"about":[{"href":"https:\/\/smania.store\/es\/wp-json\/wp\/v2\/types\/product"}],"wp:featuredmedia":[{"embeddable":true,"href":"https:\/\/smania.store\/es\/wp-json\/wp\/v2\/media\/22945"}],"wp:attachment":[{"href":"https:\/\/smania.store\/es\/wp-json\/wp\/v2\/media?parent=22951"}],"wp:term":[{"taxonomy":"product_cat","embeddable":true,"href":"https:\/\/smania.store\/es\/wp-json\/wp\/v2\/product_cat?post=22951"},{"taxonomy":"product_tag","embeddable":true,"href":"https:\/\/smania.store\/es\/wp-json\/wp\/v2\/product_tag?post=22951"}],"curies":[{"name":"wp","href":"https:\/\/api.w.org\/{rel}","templated":true}]}}