{"id":22899,"date":"2022-06-09T08:36:30","date_gmt":"2022-06-09T06:36:30","guid":{"rendered":"https:\/\/smania.store\/es\/producto\/rodillo-de-textura-con-patron-de-ladrillos-brickroll\/"},"modified":"2023-04-19T21:35:46","modified_gmt":"2023-04-19T19:35:46","slug":"rodillo-de-textura-con-patron-de-ladrillos-brickroll","status":"publish","type":"product","link":"https:\/\/smania.store\/es\/producto\/rodillo-de-textura-con-patron-de-ladrillos-brickroll\/","title":{"rendered":"Rodillo de textura con patr\u00f3n de ladrillos BrickRoll"},"content":{"rendered":"<div class=\"smania_landing_description_title\">\u00a1Nuevo! Rodillo de textura con patr\u00f3n de ladrillos BrickRoll<\/div>\n<div class=\"smania_landing_description_txt\">\u00a1Decore su casa con una pared de ladrillos!<\/div>\n<div class=\"smania_landing_description_subtitle\">Una pared de ladrillo a\u00f1ade una sensaci\u00f3n de gran intimidad a una habitaci\u00f3n. Ahora puede crear una imitaci\u00f3n de ladrillo en cualquier pared, lo que cambiar\u00e1 por completo el aspecto de cualquier espacio, d\u00e1ndole una comodidad y un estilo adicionales.<\/div>\n<div class=\"smania_landing_description_list\">\n<ul>\n<li>Perfecto para crear una pared de imitaci\u00f3n de ladrillos<\/li>\n<li>Crea un patr\u00f3n en el yeso decorativo<\/li>\n<li>F\u00e1cil de usar, mantener y almacenar<\/li>\n<li>Fabricado con materiales de alta calidad<\/li>\n<\/ul><\/div>\n","protected":false},"excerpt":{"rendered":"<p>Apto para cualquier superficie|F\u00e1cil de usar y de limpiar|Proporciona resultados precisos en todo momento|Crea un patr\u00f3n de ladrillos en el yeso decorativo|Material: pl\u00e1stico|Dimensiones del rodillo: 18 \u00d7 7 cm|Dimensiones del ladrillo (modelo): 20 \u00d7 7 cm|100% de satisfacci\u00f3n garantizada<\/p>\n","protected":false},"featured_media":22894,"template":"","meta":[],"product_cat":[1602,1706],"product_tag":[1636,1632,1633],"acf":[],"_links":{"self":[{"href":"https:\/\/smania.store\/es\/wp-json\/wp\/v2\/product\/22899"}],"collection":[{"href":"https:\/\/smania.store\/es\/wp-json\/wp\/v2\/product"}],"about":[{"href":"https:\/\/smania.store\/es\/wp-json\/wp\/v2\/types\/product"}],"wp:featuredmedia":[{"embeddable":true,"href":"https:\/\/smania.store\/es\/wp-json\/wp\/v2\/media\/22894"}],"wp:attachment":[{"href":"https:\/\/smania.store\/es\/wp-json\/wp\/v2\/media?parent=22899"}],"wp:term":[{"taxonomy":"product_cat","embeddable":true,"href":"https:\/\/smania.store\/es\/wp-json\/wp\/v2\/product_cat?post=22899"},{"taxonomy":"product_tag","embeddable":true,"href":"https:\/\/smania.store\/es\/wp-json\/wp\/v2\/product_tag?post=22899"}],"curies":[{"name":"wp","href":"https:\/\/api.w.org\/{rel}","templated":true}]}}