{"id":22856,"date":"2022-06-09T08:31:32","date_gmt":"2022-06-09T06:31:32","guid":{"rendered":"https:\/\/smania.store\/es\/producto\/luces-led-impermeables-glowsubs\/"},"modified":"2022-08-12T14:54:30","modified_gmt":"2022-08-12T12:54:30","slug":"luces-led-impermeables-glowsubs","status":"publish","type":"product","link":"https:\/\/smania.store\/es\/producto\/luces-led-impermeables-glowsubs\/","title":{"rendered":"Luces LED impermeables Glowsubs"},"content":{"rendered":"<div class=\"smania_landing_description_title\">\u00a1NUEVO! Luces LED impermeables Glowsubs<\/div>\n<div class=\"smania_landing_description_txt\">\u00a1Decore su casa, su jard\u00edn o su piscina!<\/div>\n<div class=\"smania_landing_description_subtitle\">Las luces LED Glowsubs crear\u00e1n un ambiente m\u00e1gico en cualquier rinc\u00f3n de su casa o jard\u00edn. Como son resistentes al agua, puede utilizarlas incluso para iluminar su piscina o acuario.<\/div>\n<div class=\"smania_landing_description_list\">\n<ul>\n<li>10 diodos LED incre\u00edblemente brillantes en cada luz<\/li>\n<li>Mando a distancia para encender\/apagar, cambiar los colores y los modos de luz<\/li>\n<li>Impermeabilidad IP68<\/li>\n<li>Modos de luz regulable e intermitente y transiciones de color suaves<\/li>\n<\/ul>\n<\/div>\n","protected":false},"excerpt":{"rendered":"<p>Mando a distancia incluido|Iluminaci\u00f3n ambiental perfecta para su casa y jard\u00edn|Impermeabilidad IP68|Bater\u00eda: 3 \u00d7 pilas AAA por luz (no incluidas)|Vida \u00fatil muy larga|Tama\u00f1o: 7 \u00d7 2,8 cm<\/p>\n","protected":false},"featured_media":22849,"template":"","meta":[],"product_cat":[1600],"product_tag":[1604,1605,1633],"acf":[],"_links":{"self":[{"href":"https:\/\/smania.store\/es\/wp-json\/wp\/v2\/product\/22856"}],"collection":[{"href":"https:\/\/smania.store\/es\/wp-json\/wp\/v2\/product"}],"about":[{"href":"https:\/\/smania.store\/es\/wp-json\/wp\/v2\/types\/product"}],"wp:featuredmedia":[{"embeddable":true,"href":"https:\/\/smania.store\/es\/wp-json\/wp\/v2\/media\/22849"}],"wp:attachment":[{"href":"https:\/\/smania.store\/es\/wp-json\/wp\/v2\/media?parent=22856"}],"wp:term":[{"taxonomy":"product_cat","embeddable":true,"href":"https:\/\/smania.store\/es\/wp-json\/wp\/v2\/product_cat?post=22856"},{"taxonomy":"product_tag","embeddable":true,"href":"https:\/\/smania.store\/es\/wp-json\/wp\/v2\/product_tag?post=22856"}],"curies":[{"name":"wp","href":"https:\/\/api.w.org\/{rel}","templated":true}]}}