{"id":22835,"date":"2022-06-08T11:47:43","date_gmt":"2022-06-08T09:47:43","guid":{"rendered":"https:\/\/smania.store\/es\/producto\/encendedor-de-plasma-resistente-al-agua-wildarc\/"},"modified":"2022-11-11T12:50:55","modified_gmt":"2022-11-11T11:50:55","slug":"encendedor-de-plasma-resistente-al-agua-wildarc","status":"publish","type":"product","link":"https:\/\/smania.store\/es\/producto\/encendedor-de-plasma-resistente-al-agua-wildarc\/","title":{"rendered":"Encendedor de plasma resistente al agua WildArc"},"content":{"rendered":"<div class=\"smania_landing_description_title\">\u00a1NUEVO! Encendedor de plasma resistente al agua WildArc<\/div>\n<div class=\"smania_landing_description_txt\">\u00a1Funciona a la perfecci\u00f3n en cualquier condici\u00f3n meteorol\u00f3gica!<\/div>\n<div class=\"smania_landing_description_subtitle\">Tanto si quiere encender una fogata en condiciones de viento como encender una vela para crear un ambiente rom\u00e1ntico, WildArc lo ayudar\u00e1. Este exclusivo encendedor de plasma resistente al agua utiliza una tecnolog\u00eda de doble arco que le da una chispa limpia en todo momento.<\/div>\n<div class=\"smania_landing_description_list\">\n<ul>\n<li>Arcos de plasma en forma de X que encienden el fuego incluso con viento fuerte<\/li>\n<li>El cierre seguro lo mantiene completamente impermeable<\/li>\n<li>Carcasa recubierta de goma para una mayor durabilidad<\/li>\n<li>Simplemente con\u00e9ctelo a cualquier puerto USB para una carga r\u00e1pida<\/li>\n<li>Perfecto para aventuras al aire libre o para uso dom\u00e9stico en general<\/li>\n<\/ul><\/div>\n","protected":false},"excerpt":{"rendered":"<p>Imperemeabilidad IP56|Recargable por USB|Ligero y port\u00e1til|Funciona en cualquier situaci\u00f3n meteorol\u00f3gica|Robusto y duradero|Carcasa de goma|El paquete incluye: encendedor de plasma, cable USB, cord\u00f3n y una caja|No necesita gas ni aceite<\/p>\n","protected":false},"featured_media":23752,"template":"","meta":[],"product_cat":[1599,1706],"product_tag":[1624],"acf":[],"_links":{"self":[{"href":"https:\/\/smania.store\/es\/wp-json\/wp\/v2\/product\/22835"}],"collection":[{"href":"https:\/\/smania.store\/es\/wp-json\/wp\/v2\/product"}],"about":[{"href":"https:\/\/smania.store\/es\/wp-json\/wp\/v2\/types\/product"}],"wp:featuredmedia":[{"embeddable":true,"href":"https:\/\/smania.store\/es\/wp-json\/wp\/v2\/media\/23752"}],"wp:attachment":[{"href":"https:\/\/smania.store\/es\/wp-json\/wp\/v2\/media?parent=22835"}],"wp:term":[{"taxonomy":"product_cat","embeddable":true,"href":"https:\/\/smania.store\/es\/wp-json\/wp\/v2\/product_cat?post=22835"},{"taxonomy":"product_tag","embeddable":true,"href":"https:\/\/smania.store\/es\/wp-json\/wp\/v2\/product_tag?post=22835"}],"curies":[{"name":"wp","href":"https:\/\/api.w.org\/{rel}","templated":true}]}}