{"id":1725,"date":"2021-05-19T05:40:43","date_gmt":"2021-05-19T03:40:43","guid":{"rendered":"https:\/\/s-mania.si\/?page_id=1725"},"modified":"2023-01-13T13:45:05","modified_gmt":"2023-01-13T12:45:05","slug":"acerca-de-nosotros","status":"publish","type":"page","link":"https:\/\/smania.store\/es\/acerca-de-nosotros\/","title":{"rendered":"Acerca de nosotros"},"content":{"rendered":"\n<div class=\"smania_static_side\">\n\n    <div class=\"smania_static_side_left\">\n        <h4>Direcci\u00f3n<\/h4>\n        DFVU d.o.o.\n        <br>\n        Liparjeva cesta 6a\n        <br>\n        1234 Menge\u0161\n        <br>\n        Eslovenia\n        \n        <br><br>\n        <h4>Correo electr\u00f3nico<\/h4>\n        <a href=\"mailto:es@smania.store\">es@smania.store<\/a>\n\n        \n        <br><br>\n        <h4>Horario laboral<\/h4>\n        De lunes a viernes: 7 AM&nbsp;a 3 PM\n        \n        <br><br>\n        <h4>Informaci\u00f3n sobre el establecimiento<\/h4>\n        Registrador: AJPES, Ljubljana branch\n        <br>\n        Fecha de registro: 13.12.2016\n        \n        <br><br>\n        <h4>Datos de identificaci\u00f3n<\/h4>\n        N\u00famero VAT: SI35983175\n        <br>\n        Empresa registrada a efectos del VAT: S\u00cd\n        <br>\n        N\u00famero de registro: 7193548000\n        <br>\n        Cuenta bancaria: SI56 6100 0001 5525 391 (DELAVSKA HRANILNICA d.d)\n        <br>\n        BIC: HDELSI22\n    \n    <\/div>\n    \n    <div class=\"smania_static_side_right\">\n    \n        <h3>TABL\u00d3N DE ANUNCIOS<\/h3>\n        <span style=\"color: #808080;\">29.03.2021<\/span>\n        <br>\n        <strong>Aviso sobre la no utilizaci\u00f3n del sello para verificar los documentos<\/strong>\n        <br>\n        <a target=\"_blank\" href=\"https:\/\/s-mania.si\/wp-content\/uploads\/doc\/Sklep-o-neuporabi-%C5%BEiga-2021.pdf\" rel=\"noopener\">Ver documento<\/a>\n    \n    <\/div>\n    \n<\/div>\n    \n    <style>\n    \n    #main a {\n        color: #0087DE;\n        text-decoration: none!important;\n        }\n    \n    .smania_static_side {\n    \n        display: flex;\n        flex-direction: row;\n    \n    }\n    \n    .smania_static_side_left {\n    \n        padding-right: 40px;\n        margin-right: 40px;\n        border-right: 1px solid #dcdcdc;\n    \n    }\n    \n    @media only screen and (max-width: 800px) {\n    \n        .smania_static_side {\n    \n            flex-direction: column;\n    \n        }\n    \n        .smania_static_side > div {\n    \n            width: 100%;\n    \n        }\n    \n        .smania_static_side_left {\n    \n            padding-right: 0;\n            margin-right: 0;\n            border-right: none;\n    \n            padding-bottom: 40px;\n            margin-bottom: 40px;\n            border-bottom: 1px solid #dcdcdc;\n    \n        }\n    \n    }\n    \n    <\/style>\n\n\n\n<p><\/p>\n","protected":false},"excerpt":{"rendered":"<p>Direcci\u00f3n DFVU d.o.o. Liparjeva cesta 6a 1234 Menge\u0161 Eslovenia Correo electr\u00f3nico es@smania.store Horario laboral De lunes a viernes: 7 AM&nbsp;a 3 PM Informaci\u00f3n sobre el establecimiento Registrador: AJPES, Ljubljana branch Fecha de registro: 13.12.2016 Datos de identificaci\u00f3n N\u00famero VAT: SI35983175 Empresa registrada a efectos del VAT: S\u00cd N\u00famero de registro: 7193548000 Cuenta bancaria: SI56 6100 [&hellip;]<\/p>\n","protected":false},"author":1,"featured_media":0,"parent":0,"menu_order":0,"comment_status":"closed","ping_status":"closed","template":"","meta":[],"acf":[],"_links":{"self":[{"href":"https:\/\/smania.store\/es\/wp-json\/wp\/v2\/pages\/1725"}],"collection":[{"href":"https:\/\/smania.store\/es\/wp-json\/wp\/v2\/pages"}],"about":[{"href":"https:\/\/smania.store\/es\/wp-json\/wp\/v2\/types\/page"}],"author":[{"embeddable":true,"href":"https:\/\/smania.store\/es\/wp-json\/wp\/v2\/users\/1"}],"replies":[{"embeddable":true,"href":"https:\/\/smania.store\/es\/wp-json\/wp\/v2\/comments?post=1725"}],"version-history":[{"count":6,"href":"https:\/\/smania.store\/es\/wp-json\/wp\/v2\/pages\/1725\/revisions"}],"predecessor-version":[{"id":23978,"href":"https:\/\/smania.store\/es\/wp-json\/wp\/v2\/pages\/1725\/revisions\/23978"}],"wp:attachment":[{"href":"https:\/\/smania.store\/es\/wp-json\/wp\/v2\/media?parent=1725"}],"curies":[{"name":"wp","href":"https:\/\/api.w.org\/{rel}","templated":true}]}}