{"id":31883,"date":"2026-05-08T10:56:16","date_gmt":"2026-05-08T08:56:16","guid":{"rendered":"https:\/\/smania.store\/ee\/toode\/leak-stopper-veekindel-tihendusmaterjal-1-kg\/"},"modified":"2026-05-08T10:56:16","modified_gmt":"2026-05-08T08:56:16","slug":"leak-stopper-veekindel-tihendusmaterjal-1-kg","status":"publish","type":"product","link":"https:\/\/smania.store\/ee\/toode\/leak-stopper-veekindel-tihendusmaterjal-1-kg\/","title":{"rendered":"LEAK STOPPER Veekindel tihendusmaterjal (1 kg)"},"content":{"rendered":"<div class=\"smania_landing_description_title\">UUS! Ideaalne veekindel kaitse k\u00f5ikidele pindadele<\/div>\n<div class=\"smania_landing_description_txt\">H\u00fclga ja paranda \u00fcksk\u00f5ik millist pinda vaevata<\/div>\n<div class=\"smania_landing_description_subtitle\">See innovatiivne l\u00e4bipaistev tihend aine pakub pikaajalist veekindlat kaitset lekkete, niiskuse ja rooste eest. T\u00e4nu oma t\u00e4iustatud, k\u00f5rge viskoossusega koostisele ja tugevale kleepuvusele tagab see n\u00e4htamatu, paindliku ja vastupidava viimistluse \u2013 ideaalne nii sise- kui v\u00e4listingimustes kasutamiseks.<\/div>\n<div class=\"smania_landing_description_list\">\n<ul>\n<li>Pakkub p\u00fcsivat kaitset niiskuse eest <\/li>\n<li>Kiiresti kuivanud ja paindlik koostis <\/li>\n<li>Ideaalne metallile, betoonile, plaatidele, plastikale, puidule ja muule <\/li>\n<li>UV-kiirguse, kuumuse ja k\u00fclma kindel \u2013 ideaalne sise- ja v\u00e4listingimustes kasutamiseks <\/li>\n<li>1 kg katab 10\u201313 m\u00b2, 2 kg 20\u201326 m\u00b2, 3 kg 30\u201339 m\u00b2 (s\u00f5ltuvalt pinnast ja paksusest)<\/li>\n<\/ul><\/div>\n","protected":false},"excerpt":{"rendered":"<p>Edasij\u00f5udnud veekindel segu t\u00e4ielikuks tihendamiseks |Muutumatu viimistlus puhta ja esteetilise v\u00e4limuse saavutamiseks |Kiire kuivamine ja paindlikkus lihtsaks pealekandmiseks |T\u00e4iuslik katustele, vannitubadesse, r\u00f5dudele ja terrassidele |Sobib nii sise- kui v\u00e4liskasutuseks|Sobiv: Betoon, metall, keraamilised plaadid, marmor, puit, plastik |Koostis: Muudetud akr\u00fc\u00fclhape |S\u00e4ilitustingimused: Hoida jahedas ja kuivas kohas |Kaetavus: 1 kg katab 10\u201313 m\u00b2, 2 kg 20\u201326 m\u00b2, 3 kg 30\u201339 m\u00b2 (s\u00f5ltuvalt pinnast ja paksusest) |KOMMENTAAR: toode n\u00e4ib rakendamisel valge, kuid kuivades muutub l\u00e4bipaistvaks<\/p>\n","protected":false},"featured_media":31880,"template":"","meta":[],"product_cat":[1594,2107],"product_tag":[],"acf":[],"_links":{"self":[{"href":"https:\/\/smania.store\/ee\/wp-json\/wp\/v2\/product\/31883"}],"collection":[{"href":"https:\/\/smania.store\/ee\/wp-json\/wp\/v2\/product"}],"about":[{"href":"https:\/\/smania.store\/ee\/wp-json\/wp\/v2\/types\/product"}],"wp:featuredmedia":[{"embeddable":true,"href":"https:\/\/smania.store\/ee\/wp-json\/wp\/v2\/media\/31880"}],"wp:attachment":[{"href":"https:\/\/smania.store\/ee\/wp-json\/wp\/v2\/media?parent=31883"}],"wp:term":[{"taxonomy":"product_cat","embeddable":true,"href":"https:\/\/smania.store\/ee\/wp-json\/wp\/v2\/product_cat?post=31883"},{"taxonomy":"product_tag","embeddable":true,"href":"https:\/\/smania.store\/ee\/wp-json\/wp\/v2\/product_tag?post=31883"}],"curies":[{"name":"wp","href":"https:\/\/api.w.org\/{rel}","templated":true}]}}