{"id":31845,"date":"2026-05-08T08:49:34","date_gmt":"2026-05-08T06:49:34","guid":{"rendered":"https:\/\/smania.store\/ee\/toode\/taimede-vaetis-floravita\/"},"modified":"2026-05-08T08:49:34","modified_gmt":"2026-05-08T06:49:34","slug":"taimede-vaetis-floravita","status":"publish","type":"product","link":"https:\/\/smania.store\/ee\/toode\/taimede-vaetis-floravita\/","title":{"rendered":"Taimede v\u00e4etis Floravita"},"content":{"rendered":"<div class=\"smania_landing_description_title\">UUS! Floravita &#8211; Tooge oma taimedele elu sisse<\/div>\n<div class=\"smania_landing_description_txt\">Revolutsiooniline v\u00e4etis tugevamate ja tervemate taimede jaoks<\/div>\n<div class=\"smania_landing_description_subtitle\">Kas soovite, et teie taimed kasvaksid kiiremini, oleksid tervemad ja \u00f5itseksid nagu kunagi varem? Floravita on innovaatiline v\u00e4etis, mille on v\u00e4lja t\u00f6\u00f6tanud tippeksperdid, et pakkuda teie taimedele parimat hooldust ja soodustada kiiremat kasvu.<\/div>\n<div class=\"smania_landing_description_list\">\n<ul>\n<li>Kiirendatud kasv: Floravita v\u00f5imaldab taimedel kasvada kuni 2 korda kiiremini kui teiste turul olevate v\u00e4etiste puhul<\/li>\n<li>Parem imendumine: Soodustab juurte paremat vee ja toitainete imendumist, suurendades kasvu t\u00f5husust<\/li>\n<li>Kahjurite kaitse: Loob loodusliku barj\u00e4\u00e4ri, mis t\u00f5rjub kahjureid, v\u00f5imaldades taimedel h\u00e4irimatult kasvada<\/li>\n<li>Lihtne kasutada: Lihtsalt segage soovitatud annus veega ja kandke taimede \u00fcmber &#8211; ei mingit vaeva<\/li>\n<li>Keskkonnaohutu: Ei sisalda kahjulikke kemikaale ega s\u00fcnteetilisi lisandeid, mis v\u00f5iksid keskkonda kahjustada<\/li>\n<\/ul><\/div>\n","protected":false},"excerpt":{"rendered":"<p>Kiire ja tervislik kasv: Teie taimed kasvavad kiiremini, tugevamalt ja vastupidavamalt|Pikaajaline kaitse: T\u00f5husalt t\u00f5rjub kahjureid ja hoiab teie taimed turvaliselt|Sobib k\u00f5ikidele taimedele: Kasulik nii sise- kui ka v\u00e4listingimustes kasvavate taimede ja lillede jaoks|Keskkonnas\u00f5bralik: Valem ei sisalda kahjulikke kemikaale, ohutu keskkonnale ja teie kodule|Maht: 200 ml kontsentraat mitmekordseks kasutamiseks|Lihtne kasutamine: Segage veega ja kandke taimi \u00fcmbritsevasse mulda|Sobib nii sise- kui ka v\u00e4listingimustes kasvavatele taimedele: Sobib ideaalselt igaks aiaprojektiks|Suurep\u00e4rane hooldus: Valem, mis tagab, et teie taimed s\u00e4ravad kogu oma hiilguses<\/p>\n","protected":false},"featured_media":31835,"template":"","meta":[],"product_cat":[1594],"product_tag":[],"acf":[],"_links":{"self":[{"href":"https:\/\/smania.store\/ee\/wp-json\/wp\/v2\/product\/31845"}],"collection":[{"href":"https:\/\/smania.store\/ee\/wp-json\/wp\/v2\/product"}],"about":[{"href":"https:\/\/smania.store\/ee\/wp-json\/wp\/v2\/types\/product"}],"wp:featuredmedia":[{"embeddable":true,"href":"https:\/\/smania.store\/ee\/wp-json\/wp\/v2\/media\/31835"}],"wp:attachment":[{"href":"https:\/\/smania.store\/ee\/wp-json\/wp\/v2\/media?parent=31845"}],"wp:term":[{"taxonomy":"product_cat","embeddable":true,"href":"https:\/\/smania.store\/ee\/wp-json\/wp\/v2\/product_cat?post=31845"},{"taxonomy":"product_tag","embeddable":true,"href":"https:\/\/smania.store\/ee\/wp-json\/wp\/v2\/product_tag?post=31845"}],"curies":[{"name":"wp","href":"https:\/\/api.w.org\/{rel}","templated":true}]}}