{"id":31813,"date":"2026-05-08T08:23:25","date_gmt":"2026-05-08T06:23:25","guid":{"rendered":"https:\/\/smania.store\/ee\/toode\/rust-cleaner-rooste-eemaldaja-spray\/"},"modified":"2026-05-08T08:26:23","modified_gmt":"2026-05-08T06:26:23","slug":"rust-cleaner-rooste-eemaldaja-spray","status":"publish","type":"product","link":"https:\/\/smania.store\/ee\/toode\/rust-cleaner-rooste-eemaldaja-spray\/","title":{"rendered":"Rust Cleaner rooste eemaldaja spray"},"content":{"rendered":"<div class=\"smania_landing_description_title\">Rooste eemaldamise t\u00e4iesti uus tase!<\/div>\n<div class=\"smania_landing_description_txt\">Eemaldab kangekaelse rooste minutitega!<\/div>\n<div class=\"smania_landing_description_subtitle\">Pihustage, puhastage ja viimistlege! Rust Cleaneriga on lihtne taastada roostetanud pinnad. See lahustab kiiresti kangekaelse rooste, taastab puhta ja sileda pinna, moodustab roosteplekkide eemaldamisel kaitsva kile ja takistab metalli uuesti roostetama, tagades teie esemete pikema kestvuse.<\/div>\n<div class=\"smania_landing_description_list\">\n<ul>\n<li>5X rooste eemaldamise v\u00f5imsus: See raskeveoline vedel valem kleepub, et t\u00e4ielikult lahustada roosteplekid ilma k\u00fc\u00fcrimiseta<\/li>\n<li>Lahustab koheselt k\u00f5va rooste: Eemaldab kergesti k\u00f5va rooste k\u00f5ikidelt metall- ja kroomitud pindadelt 3 minutiga!<\/li>\n<li>Pikaajaline 3-aastane kaitse: Eemaldab rooste ja krundib metalli, et v\u00e4ltida roostet 3 aasta jooksul<\/li>\n<li>Lihtne pihustada, ei vaja loputamist: Lihtsalt pihustage ja kandke roostetanud pinnale, ei vaja puutumist ega kaitsevahendeid!<\/li>\n<li>Mitmeotstarbeline: Sobib suurep\u00e4raselt vannitubadesse, tualettidesse, k\u00f6\u00f6gin\u00f5udele ja autode metallpindadele<\/li>\n<\/ul><\/div>\n","protected":false},"excerpt":{"rendered":"<p>Eemaldab rooste kergesti ja koheselt, taastades s\u00e4ra|Kaitseb pinda oks\u00fcdeerumise eest, et saavutada kauakestev m\u00f5ju|Ohutu kasutamiseks peaaegu k\u00f5ikidel pindadel|Maht: 400 ml|S\u00e4ilivusaeg: 3 aastat|S\u00e4ilitamine: S\u00e4ilitada jahedas, varjulises kohas<\/p>\n","protected":false},"featured_media":31814,"template":"","meta":[],"product_cat":[1596,1594,2107],"product_tag":[],"acf":[],"_links":{"self":[{"href":"https:\/\/smania.store\/ee\/wp-json\/wp\/v2\/product\/31813"}],"collection":[{"href":"https:\/\/smania.store\/ee\/wp-json\/wp\/v2\/product"}],"about":[{"href":"https:\/\/smania.store\/ee\/wp-json\/wp\/v2\/types\/product"}],"wp:featuredmedia":[{"embeddable":true,"href":"https:\/\/smania.store\/ee\/wp-json\/wp\/v2\/media\/31814"}],"wp:attachment":[{"href":"https:\/\/smania.store\/ee\/wp-json\/wp\/v2\/media?parent=31813"}],"wp:term":[{"taxonomy":"product_cat","embeddable":true,"href":"https:\/\/smania.store\/ee\/wp-json\/wp\/v2\/product_cat?post=31813"},{"taxonomy":"product_tag","embeddable":true,"href":"https:\/\/smania.store\/ee\/wp-json\/wp\/v2\/product_tag?post=31813"}],"curies":[{"name":"wp","href":"https:\/\/api.w.org\/{rel}","templated":true}]}}