{"id":31650,"date":"2025-10-01T15:01:23","date_gmt":"2025-10-01T13:01:23","guid":{"rendered":"https:\/\/smania.store\/ee\/toode\/pattyslumber-rahustav-pluusist-manguasi-beebidele\/"},"modified":"2025-11-13T14:06:58","modified_gmt":"2025-11-13T13:06:58","slug":"pattyslumber-rahustav-pluusist-manguasi-beebidele","status":"publish","type":"product","link":"https:\/\/smania.store\/ee\/toode\/pattyslumber-rahustav-pluusist-manguasi-beebidele\/","title":{"rendered":"PattySlumber\u2122 rahustav pluusist m\u00e4nguasi beebidele"},"content":{"rendered":"<div class=\"smania_landing_description_title\">UUS: Rahulik uni teie lapsele<\/div>\n<div class=\"smania_landing_description_txt\">Rahustav puudutus, mis ei v\u00e4si kunagi<\/div>\n<div class=\"smania_landing_description_subtitle\"> Pehme r\u00fctmilise liikumisega lohutab see pluusist karu teie v\u00e4ikest nagu teie enda k\u00e4si &#8211; nii et te m\u00f5lemad saate rahulikult puhata<\/div>\n<div class=\"smania_landing_description_list\">\n<ul>\n<li>Imiteerib lapsevanema \u00f5rna puudutust, et rahustada ja lohutada<\/li>\n<li>Reguleeritav patsutamine kolme rahustava kiirustasemega<\/li>\n<li>Kaugjuhtimispuldi abil saab seda kasutada ka eemalt vaevata<\/li>\n<li>Aitab leevendada eraldamishirmu puhke- v\u00f5i uinakute ajal<\/li>\n<li>Pehmed, beebikindlad materjalid muretuteks kallistusteks<\/li>\n<\/ul><\/div>\n","protected":false},"excerpt":{"rendered":"<p>Patsutab teie last \u00f5rnalt magama|V\u00e4hendab \u00e4revust ja \u00f6ist nutmist|Reguleeritav patsutamine 3 kiirustasemega|T\u00e4idab ema kohalolekut|Sobib ideaalselt v\u00f5revoodi, voodi v\u00f5i lapsevankri jaoks|Kaasaskantav pere reiside jaoks|Pakend sisaldab: juhtmeta kaugjuhtimispult|Materjalid: pol\u00fcesterkiud ja p\u00e4rlmutter puuvillane t\u00e4idis|Variatsioon: Bee\u017ei v\u00e4rvi imearmsas karu disainis|M\u00f5\u00f5dud: 68 \u00d7 25 cm<\/p>\n","protected":false},"featured_media":31640,"template":"","meta":[],"product_cat":[1595],"product_tag":[1605],"acf":[],"_links":{"self":[{"href":"https:\/\/smania.store\/ee\/wp-json\/wp\/v2\/product\/31650"}],"collection":[{"href":"https:\/\/smania.store\/ee\/wp-json\/wp\/v2\/product"}],"about":[{"href":"https:\/\/smania.store\/ee\/wp-json\/wp\/v2\/types\/product"}],"wp:featuredmedia":[{"embeddable":true,"href":"https:\/\/smania.store\/ee\/wp-json\/wp\/v2\/media\/31640"}],"wp:attachment":[{"href":"https:\/\/smania.store\/ee\/wp-json\/wp\/v2\/media?parent=31650"}],"wp:term":[{"taxonomy":"product_cat","embeddable":true,"href":"https:\/\/smania.store\/ee\/wp-json\/wp\/v2\/product_cat?post=31650"},{"taxonomy":"product_tag","embeddable":true,"href":"https:\/\/smania.store\/ee\/wp-json\/wp\/v2\/product_tag?post=31650"}],"curies":[{"name":"wp","href":"https:\/\/api.w.org\/{rel}","templated":true}]}}