{"id":31459,"date":"2025-09-03T09:28:40","date_gmt":"2025-09-03T07:28:40","guid":{"rendered":"https:\/\/smania.store\/ee\/toode\/drivewaypro-asfaldi-taastamisvahend-1-l-2-m%c2%b2\/"},"modified":"2025-09-17T12:00:11","modified_gmt":"2025-09-17T10:00:11","slug":"drivewaypro-asfaldi-taastamisvahend-1-l-2-m%c2%b2","status":"publish","type":"product","link":"https:\/\/smania.store\/ee\/toode\/drivewaypro-asfaldi-taastamisvahend-1-l-2-m%c2%b2\/","title":{"rendered":"DrivewayPRO\u2122 Asfaldi taastamisvahend &#8211; 1 L \/ 4-6 m\u00b2"},"content":{"rendered":"<div class=\"smania_landing_description_title\">UUS: DrivewayPRO\u2122 Asfaldi taastamisvahend<\/div>\n<div class=\"smania_landing_description_txt\">Uuendage oma s\u00f5iduteed hetkega<\/div>\n<div class=\"smania_landing_description_subtitle\">Kas teie s\u00f5idutee n\u00e4eb kulunud v\u00e4lja? DrivewayPRO\u2122 on parim lahendus asfalt- ja betoonpindade taastamiseks ja kaitsmiseks. DrivewayPRO\u2122 on vastupidav ebasoodsatele ilmastikutingimustele, temperatuurimuutustele, pragudele ja UV-kahjustustele ning see mitte ainult ei paranda teie s\u00f5idutee v\u00e4limust, vaid tagab ka pikaajalise veekindluse ja kaitse.<\/div>\n<div class=\"smania_landing_description_list\">\n<ul>\n<li>Tihendab ja tugevdab pinda<\/li>\n<li>Vastupidav vihmale, kuumusele ja k\u00fclmale<\/li>\n<li>Uuendab sisses\u00f5iduteed &#8211; asfaldi ja betooni esialgset v\u00e4limust<\/li>\n<li>UV-kaitse &#8211; takistab pleekimist ja kahjustusi<\/li>\n<li>Vett h\u00fclgav &#8211; takistab niiskuse sissetungi<\/li>\n<li>Pikendab kasutusiga &#8211; s\u00e4ilitab ja tugevdab pinda<\/li>\n<\/ul><\/div>\n","protected":false},"excerpt":{"rendered":"<p>K\u00d5RGUSTAVUS &#8211; Spetsiaalselt asfaltkattega teede jaoks loodud|KINDLASTI &#8211; Vastupidav madala l\u00e4ikega must kiht|KAITSE &#8211; Kaitseb ilmastiku, lekete ja umbrohukasvamise eest|LIHTNE KASUTAMINE &#8211; Lihtne pealekandmine probleemivabade tulemuste saavutamiseks|PIKKUSELT KUIVAV &#8211; kasutusvalmis vaid 4 tunniga|V\u00e4rv &#8211; must|Vedeliku maht &#8211; 1 L|Katvus &#8211; kuni 6 m\u00b2|Kuivamisaeg &#8211; 4 tundi kasutamiseks|Kasutamine &#8211; Pintsel, rulli v\u00f5i pihustus<\/p>\n","protected":false},"featured_media":31541,"template":"","meta":[],"product_cat":[2107],"product_tag":[2108,2110],"acf":[],"_links":{"self":[{"href":"https:\/\/smania.store\/ee\/wp-json\/wp\/v2\/product\/31459"}],"collection":[{"href":"https:\/\/smania.store\/ee\/wp-json\/wp\/v2\/product"}],"about":[{"href":"https:\/\/smania.store\/ee\/wp-json\/wp\/v2\/types\/product"}],"wp:featuredmedia":[{"embeddable":true,"href":"https:\/\/smania.store\/ee\/wp-json\/wp\/v2\/media\/31541"}],"wp:attachment":[{"href":"https:\/\/smania.store\/ee\/wp-json\/wp\/v2\/media?parent=31459"}],"wp:term":[{"taxonomy":"product_cat","embeddable":true,"href":"https:\/\/smania.store\/ee\/wp-json\/wp\/v2\/product_cat?post=31459"},{"taxonomy":"product_tag","embeddable":true,"href":"https:\/\/smania.store\/ee\/wp-json\/wp\/v2\/product_tag?post=31459"}],"curies":[{"name":"wp","href":"https:\/\/api.w.org\/{rel}","templated":true}]}}