{"id":31401,"date":"2025-09-03T08:57:01","date_gmt":"2025-09-03T06:57:01","guid":{"rendered":"https:\/\/smania.store\/ee\/toode\/playfort-laste-manguvaljak-180-x-150-cm\/"},"modified":"2025-09-03T08:57:07","modified_gmt":"2025-09-03T06:57:07","slug":"playfort-laste-manguvaljak-180-x-150-cm","status":"publish","type":"product","link":"https:\/\/smania.store\/ee\/toode\/playfort-laste-manguvaljak-180-x-150-cm\/","title":{"rendered":"PlayFort\u2122 laste m\u00e4nguv\u00e4ljak &#8211; 180 x 150 cm"},"content":{"rendered":"<div class=\"smania_landing_description_title\"> UUS: Turvaline m\u00e4ng ja uurimine <\/div>\n<div class=\"smania_landing_description_txt\"> Loo imeline m\u00e4nguv\u00e4ljak oma laste r\u00f5\u00f5muks ja arenguks! <\/div>\n<div class=\"smania_landing_description_subtitle\"> Vastupidav ja stabiilne m\u00e4nguv\u00e4ljak kuni 3-aastastele lastele!<\/div>\n<div class=\"smania_landing_description_list\">\n<ul>\n<li>T\u00e4iuslik m\u00e4nguv\u00e4ljak lapse arenguks<\/li>\n<li>Kiire 30-minutiline t\u00f6\u00f6riistavaba kokkupanek<\/li>\n<li>Kompaktne, sobib igasse ruumi, 2,7m\u00b2 pindala<\/li>\n<li>Elav disain ergutab loovust<\/li>\n<li>Turvalised, mittetoksilised materjalid<\/li>\n<li>Sisseehitatud kokkup\u00f5rkekaitse<\/li>\n<\/ul><\/div>\n","protected":false},"excerpt":{"rendered":"<p>Lihtne kaasaskantavus koos kandekotiga|Tugev roostevabast terasest raam|BPA-vaba ja keskkonnas\u00f5bralik|Rikastab lapse uurimist ohutult|V\u00e4rvivariandid: hall v\u00f5i bee\u017e|M\u00f5\u00f5tmed: 180 x 150 x 65 cm|Pindala: 2,7m\u00b2|Kaal: 5 kg|Pakendi m\u00f5\u00f5tmed: 90 x 28,5 x 20 cm|Materjalid: PP, puuvill, teras<\/p>\n","protected":false},"featured_media":31388,"template":"","meta":[],"product_cat":[1595,1594],"product_tag":[1605,1854],"acf":[],"_links":{"self":[{"href":"https:\/\/smania.store\/ee\/wp-json\/wp\/v2\/product\/31401"}],"collection":[{"href":"https:\/\/smania.store\/ee\/wp-json\/wp\/v2\/product"}],"about":[{"href":"https:\/\/smania.store\/ee\/wp-json\/wp\/v2\/types\/product"}],"wp:featuredmedia":[{"embeddable":true,"href":"https:\/\/smania.store\/ee\/wp-json\/wp\/v2\/media\/31388"}],"wp:attachment":[{"href":"https:\/\/smania.store\/ee\/wp-json\/wp\/v2\/media?parent=31401"}],"wp:term":[{"taxonomy":"product_cat","embeddable":true,"href":"https:\/\/smania.store\/ee\/wp-json\/wp\/v2\/product_cat?post=31401"},{"taxonomy":"product_tag","embeddable":true,"href":"https:\/\/smania.store\/ee\/wp-json\/wp\/v2\/product_tag?post=31401"}],"curies":[{"name":"wp","href":"https:\/\/api.w.org\/{rel}","templated":true}]}}