{"id":31264,"date":"2025-08-19T10:58:55","date_gmt":"2025-08-19T08:58:55","guid":{"rendered":"https:\/\/smania.store\/ee\/toode\/cozymama-taispuhutav-raseduspadi\/"},"modified":"2025-08-19T10:58:55","modified_gmt":"2025-08-19T08:58:55","slug":"cozymama-taispuhutav-raseduspadi","status":"publish","type":"product","link":"https:\/\/smania.store\/ee\/toode\/cozymama-taispuhutav-raseduspadi\/","title":{"rendered":"CozyMama\u2122 t\u00e4ispuhutav raseduspadi"},"content":{"rendered":"<div class=\"smania_landing_description_title\">UUS: Mugavus oodatavatele emadele<\/div>\n<div class=\"smania_landing_description_txt\">Kogege v\u00f5rratut mugavust ja k\u00f5hu kergendust!<\/div>\n<div class=\"smania_landing_description_subtitle\">H\u00fcvasti rahutud \u00f6\u00f6d ja seljavalud, tulevased emad!<\/div>\n<div class=\"smania_landing_description_list\">\n<ul>\n<li>Toetab loote optimaalset asendit<\/li>\n<li>Leevendab koheselt alaseljavalu<\/li>\n<li>Soodustab paremat kopsumahtu<\/li>\n<li>V\u00e4hendab keisril\u00f5ike ja s\u00fcnnitusvalu<\/li>\n<li>T\u00e4iusliku suurusega maksimaalseks toeks<\/li>\n<\/ul><\/div>\n","protected":false},"excerpt":{"rendered":"<p>Parandab une kvaliteeti|Suurendab ema ja loote tervist|Soodustab l\u00f5dvestunud puhkeasendeid|Lihtne puhastada ja hooldada|V\u00e4rv: roosa|Materjal: roosa: PVC, puuvill|M\u00f5\u00f5dud: 170 x 65 x 22 cm|Kandev\u00f5ime: 125 kg<\/p>\n","protected":false},"featured_media":31251,"template":"","meta":[],"product_cat":[1595,1594],"product_tag":[1622],"acf":[],"_links":{"self":[{"href":"https:\/\/smania.store\/ee\/wp-json\/wp\/v2\/product\/31264"}],"collection":[{"href":"https:\/\/smania.store\/ee\/wp-json\/wp\/v2\/product"}],"about":[{"href":"https:\/\/smania.store\/ee\/wp-json\/wp\/v2\/types\/product"}],"wp:featuredmedia":[{"embeddable":true,"href":"https:\/\/smania.store\/ee\/wp-json\/wp\/v2\/media\/31251"}],"wp:attachment":[{"href":"https:\/\/smania.store\/ee\/wp-json\/wp\/v2\/media?parent=31264"}],"wp:term":[{"taxonomy":"product_cat","embeddable":true,"href":"https:\/\/smania.store\/ee\/wp-json\/wp\/v2\/product_cat?post=31264"},{"taxonomy":"product_tag","embeddable":true,"href":"https:\/\/smania.store\/ee\/wp-json\/wp\/v2\/product_tag?post=31264"}],"curies":[{"name":"wp","href":"https:\/\/api.w.org\/{rel}","templated":true}]}}