{"id":31250,"date":"2025-08-19T07:47:05","date_gmt":"2025-08-19T05:47:05","guid":{"rendered":"https:\/\/smania.store\/ee\/toode\/flyaway-karbse-torjuv-lauaventilaator-2-pakki\/"},"modified":"2025-08-19T07:47:05","modified_gmt":"2025-08-19T05:47:05","slug":"flyaway-karbse-torjuv-lauaventilaator-2-pakki","status":"publish","type":"product","link":"https:\/\/smania.store\/ee\/toode\/flyaway-karbse-torjuv-lauaventilaator-2-pakki\/","title":{"rendered":"FlyAway\u2122 K\u00e4rbse t\u00f5rjuv lauaventilaator &#8211; 2 pakki"},"content":{"rendered":"<div class=\"smania_landing_description_title\"> UUS: V\u00e4lja t\u00f5rjuda k\u00e4rbsed vaevata <\/div>\n<div class=\"smania_landing_description_txt\"> V\u00e4lja t\u00f5rjuda k\u00e4rbsed vaevata: Fly-Free sekunditega! <\/div>\n<div class=\"smania_landing_description_subtitle\"> Avastage FlyAway\u2122, revolutsiooniline vahend, mis t\u00f5rjub vaevata t\u00fc\u00fctuid k\u00e4rbseid, tagades, et teie s\u00f6\u00f6gikogemused on \u00f5nnelikult katkematud. <\/div>\n<div class=\"smania_landing_description_list\">\n<ul>\n<li>Turvaline, lapses\u00f5bralik disain<\/li>\n<li>Pehmed, mittekahjustavad terad<\/li>\n<li>Keemiavaba putukat\u00f5rjeaine<\/li>\n<li>Sobib ideaalselt kasutamiseks nii siseruumides kui ka \u00f5ues<\/li>\n<li>Helkurtehnoloogia peletab kahjureid<\/li>\n<li>Kerge, kaasaskantav lahendus<\/li>\n<\/ul><\/div>\n","protected":false},"excerpt":{"rendered":"<p>Ei mingeid kemikaale, puhas kvaliteet|Lihtne kasutada ja nautida|Elegantne ja stiilne disain|Ideaalne piknikuks ja grillimiseks|Patarei ei kuulu komplekti|V\u00e4rv: must|Toote suurus: 9 x 9 x 25 cm|Toote kaal: 270 g<\/p>\n","protected":false},"featured_media":31238,"template":"","meta":[],"product_cat":[1594],"product_tag":[1931],"acf":[],"_links":{"self":[{"href":"https:\/\/smania.store\/ee\/wp-json\/wp\/v2\/product\/31250"}],"collection":[{"href":"https:\/\/smania.store\/ee\/wp-json\/wp\/v2\/product"}],"about":[{"href":"https:\/\/smania.store\/ee\/wp-json\/wp\/v2\/types\/product"}],"wp:featuredmedia":[{"embeddable":true,"href":"https:\/\/smania.store\/ee\/wp-json\/wp\/v2\/media\/31238"}],"wp:attachment":[{"href":"https:\/\/smania.store\/ee\/wp-json\/wp\/v2\/media?parent=31250"}],"wp:term":[{"taxonomy":"product_cat","embeddable":true,"href":"https:\/\/smania.store\/ee\/wp-json\/wp\/v2\/product_cat?post=31250"},{"taxonomy":"product_tag","embeddable":true,"href":"https:\/\/smania.store\/ee\/wp-json\/wp\/v2\/product_tag?post=31250"}],"curies":[{"name":"wp","href":"https:\/\/api.w.org\/{rel}","templated":true}]}}