{"id":31131,"date":"2025-08-04T08:17:44","date_gmt":"2025-08-04T06:17:44","guid":{"rendered":"https:\/\/smania.store\/ee\/toode\/rotatorack-3-korruseline-kandekorraldaja\/"},"modified":"2025-08-04T08:17:44","modified_gmt":"2025-08-04T06:17:44","slug":"rotatorack-3-korruseline-kandekorraldaja","status":"publish","type":"product","link":"https:\/\/smania.store\/ee\/toode\/rotatorack-3-korruseline-kandekorraldaja\/","title":{"rendered":"RotatoRack\u2122 3-korruseline kandekorraldaja"},"content":{"rendered":"<div class=\"smania_landing_description_title\">UUS: revolutsiooniline ladustamine n\u00fc\u00fcd<\/div>\n<div class=\"smania_landing_description_txt\">Muuda oma ruumi sekunditega<\/div>\n<div class=\"smania_landing_description_subtitle\">Vabastage oma kodu potentsiaal RotatoRack\u2122 3-astmelise k\u00e4ruorganisaatoriga! See mitmek\u00fclgne, paigalduseta ime muudab iga ruumi vaevata korrastatuks ja organiseerituks. \u00c4rge laske segadusel v\u00f5imust v\u00f5tta &#8211; vallutage oma ruum stiilselt ja lihtsalt juba t\u00e4na!<\/div>\n<div class=\"smania_landing_description_list\">\n<ul>\n<li>Maksimeeritud 3-kihiline hoiuruum k\u00f5igi oluliste asjade jaoks<\/li>\n<li>360 kraadi p\u00f6\u00f6rlevad rattad vaevata liikuvuseks<\/li>\n<li>T\u00e4ielikult suletud, hingav korv turvaliseks hoiustamiseks<\/li>\n<li>Sobib ideaalselt igasse ruumi &#8211; k\u00f6\u00f6ki, vannituppa ja mujale<\/li>\n<li>Ei vaja paigaldamist &#8211; alustage korrastamist kohe<\/li>\n<\/ul><\/div>\n","protected":false},"excerpt":{"rendered":"<p>S\u00e4\u00e4stab v\u00e4\u00e4rtuslikku p\u00f5randapinda|\u00d5\u00f5nes konstruktsioon hoiab esemed v\u00e4rskena|Kindel ja liikuv koos piduritega|Nutikas disain kiireks puhastamiseks|Toetab kergelt raskeid koormusi|Vastupidav s\u00fcsinikterasest konstruktsioon|K\u00f5rgus: 60 cm|Korvi suurus: 30 cm x 13 cm<\/p>\n","protected":false},"featured_media":31113,"template":"","meta":[],"product_cat":[1594,1602],"product_tag":[],"acf":[],"_links":{"self":[{"href":"https:\/\/smania.store\/ee\/wp-json\/wp\/v2\/product\/31131"}],"collection":[{"href":"https:\/\/smania.store\/ee\/wp-json\/wp\/v2\/product"}],"about":[{"href":"https:\/\/smania.store\/ee\/wp-json\/wp\/v2\/types\/product"}],"wp:featuredmedia":[{"embeddable":true,"href":"https:\/\/smania.store\/ee\/wp-json\/wp\/v2\/media\/31113"}],"wp:attachment":[{"href":"https:\/\/smania.store\/ee\/wp-json\/wp\/v2\/media?parent=31131"}],"wp:term":[{"taxonomy":"product_cat","embeddable":true,"href":"https:\/\/smania.store\/ee\/wp-json\/wp\/v2\/product_cat?post=31131"},{"taxonomy":"product_tag","embeddable":true,"href":"https:\/\/smania.store\/ee\/wp-json\/wp\/v2\/product_tag?post=31131"}],"curies":[{"name":"wp","href":"https:\/\/api.w.org\/{rel}","templated":true}]}}