{"id":31110,"date":"2025-08-01T15:04:34","date_gmt":"2025-08-01T13:04:34","guid":{"rendered":"https:\/\/smania.store\/ee\/toode\/solidmax-katlakivi-puhastaja\/"},"modified":"2025-08-17T10:11:46","modified_gmt":"2025-08-17T08:11:46","slug":"solidmax-katlakivi-puhastaja","status":"publish","type":"product","link":"https:\/\/smania.store\/ee\/toode\/solidmax-katlakivi-puhastaja\/","title":{"rendered":"SolidMax &#8211; Katlakivi puhastaja"},"content":{"rendered":"<div class=\"smania_landing_description_title\">UUS! Vaenlane kangekaelne skaala!<\/div>\n<div class=\"smania_landing_description_txt\">Uskumatu puhtus 3 sammuga<\/div>\n<div class=\"smania_landing_description_subtitle\">Oled v\u00e4sinud tundide pikkusest k\u00fc\u00fcrimisest? SolidMax teeb koristamise meeldivaks! See uuenduslik koostis lahustab kergesti katlakivi, kaltsiumi ja muud k\u00f5va vee plekid ning moodustab isegi kaitsva kihi, et v\u00e4ltida tulevasi ladestumisi! Lihtsalt kanna peale, lase sellel toimida ja p\u00fchi plekid ilma vaevata \u00e4ra. Tehke puhastamine SolidMaxiga lihtsaks ja nauditavaks!<\/div>\n<div class=\"smania_landing_description_list\">\n<ul>\n<li>Lahustab h\u00f5lpsasti katlakivi<\/li>\n<li>Eemaldab kaltsiumi ja k\u00f5va vee plekid<\/li>\n<li>Kaitsekiht hilisemate ladestuste vastu<\/li>\n<li>Lihtne kasutada, ei vaja k\u00fc\u00fcrimist<\/li>\n<li>Kiire ja t\u00f5hus tulemus<\/li>\n<li>Puhastab vannid, kraanid, valamud ja bideed<\/li>\n<\/ul><\/div>\n","protected":false},"excerpt":{"rendered":"<p>Kohene m\u00f5ju minutite jooksul|Pindadele \u00f5rnalt m\u00f5juv|Pikaajaline puhtus|Lihtne pealekandmine|Professionaalne puhastus kodus|Enam ei ole kangekaelseid plekke|Rohkem kaitset, v\u00e4hem t\u00f6\u00f6d|V\u00f5itleb k\u00f5ige raskemate veekivide vastu<\/p>\n","protected":false},"featured_media":31099,"template":"","meta":[],"product_cat":[2107],"product_tag":[2109],"acf":[],"_links":{"self":[{"href":"https:\/\/smania.store\/ee\/wp-json\/wp\/v2\/product\/31110"}],"collection":[{"href":"https:\/\/smania.store\/ee\/wp-json\/wp\/v2\/product"}],"about":[{"href":"https:\/\/smania.store\/ee\/wp-json\/wp\/v2\/types\/product"}],"wp:featuredmedia":[{"embeddable":true,"href":"https:\/\/smania.store\/ee\/wp-json\/wp\/v2\/media\/31099"}],"wp:attachment":[{"href":"https:\/\/smania.store\/ee\/wp-json\/wp\/v2\/media?parent=31110"}],"wp:term":[{"taxonomy":"product_cat","embeddable":true,"href":"https:\/\/smania.store\/ee\/wp-json\/wp\/v2\/product_cat?post=31110"},{"taxonomy":"product_tag","embeddable":true,"href":"https:\/\/smania.store\/ee\/wp-json\/wp\/v2\/product_tag?post=31110"}],"curies":[{"name":"wp","href":"https:\/\/api.w.org\/{rel}","templated":true}]}}