{"id":30981,"date":"2025-07-08T11:36:19","date_gmt":"2025-07-08T09:36:19","guid":{"rendered":"https:\/\/smania.store\/ee\/toode\/campmate-kokkupandav-alumiiniumist-matkalaud-4-tooliga\/"},"modified":"2025-07-08T11:36:19","modified_gmt":"2025-07-08T09:36:19","slug":"campmate-kokkupandav-alumiiniumist-matkalaud-4-tooliga","status":"publish","type":"product","link":"https:\/\/smania.store\/ee\/toode\/campmate-kokkupandav-alumiiniumist-matkalaud-4-tooliga\/","title":{"rendered":"CampMate\u2122 kokkupandav alumiiniumist matkalaud 4 tooliga"},"content":{"rendered":"<div class=\"smania_landing_description_title\">UUS, Ultra tugev kokkupandav tool<\/div>\n<div class=\"smania_landing_description_txt\">Laagrita kus ja millal iganes!<\/div>\n<div class=\"smania_landing_description_subtitle\">CampMate\u2122 abil saate puhkuse ajal luua omaenda seikluse!<\/div>\n<div class=\"smania_landing_description_list\">\n<ul>\n<li>Ideaalne telkimiseks, piknikuks, aeda v\u00f5i koju<\/li>\n<li>Kokkupandav disain, \u00fche statsionaariga, kus iganes te ka ei oleksite<\/li>\n<li>Kompaktne disain, suure kandev\u00f5imega<\/li>\n<li>Ideaalne 4 inimesele<\/li>\n<\/ul><\/div>\n","protected":false},"excerpt":{"rendered":"<p>Lakk v\u00f5tab paar sekundit aega, kuni see p\u00fcsib|Valmistatud vastupidavast alumiiniumisulamist|Kokkupandav disain lihtsaks kandmiseks|Veekindel kasutamiseks kogu aasta jooksul|Sobib kasutamiseks nii sise- kui ka v\u00e4listingimustes|Materjal: alumiinium|Paigaldatud laua m\u00f5\u00f5tmed: 120 x 60 cm|Reguleeritav laua k\u00f5rgus: 55 cm, 62 cm, 70 cm|Kokkupandud m\u00f5\u00f5tmed: 60 x 60 x 8 cm|Laua kandev\u00f5ime: 50 kg|Tooli kandev\u00f5ime: 100 kg|Toote kaal: 6,7 kg<\/p>\n","protected":false},"featured_media":30969,"template":"","meta":[],"product_cat":[1594,1600],"product_tag":[],"acf":[],"_links":{"self":[{"href":"https:\/\/smania.store\/ee\/wp-json\/wp\/v2\/product\/30981"}],"collection":[{"href":"https:\/\/smania.store\/ee\/wp-json\/wp\/v2\/product"}],"about":[{"href":"https:\/\/smania.store\/ee\/wp-json\/wp\/v2\/types\/product"}],"wp:featuredmedia":[{"embeddable":true,"href":"https:\/\/smania.store\/ee\/wp-json\/wp\/v2\/media\/30969"}],"wp:attachment":[{"href":"https:\/\/smania.store\/ee\/wp-json\/wp\/v2\/media?parent=30981"}],"wp:term":[{"taxonomy":"product_cat","embeddable":true,"href":"https:\/\/smania.store\/ee\/wp-json\/wp\/v2\/product_cat?post=30981"},{"taxonomy":"product_tag","embeddable":true,"href":"https:\/\/smania.store\/ee\/wp-json\/wp\/v2\/product_tag?post=30981"}],"curies":[{"name":"wp","href":"https:\/\/api.w.org\/{rel}","templated":true}]}}