{"id":30644,"date":"2025-05-05T12:16:23","date_gmt":"2025-05-05T10:16:23","guid":{"rendered":"https:\/\/smania.store\/ee\/toode\/magicrackpro-3-tasandiline-pikendatav-mikrolaineahju-riiul\/"},"modified":"2025-05-05T12:16:23","modified_gmt":"2025-05-05T10:16:23","slug":"magicrackpro-3-tasandiline-pikendatav-mikrolaineahju-riiul","status":"publish","type":"product","link":"https:\/\/smania.store\/ee\/toode\/magicrackpro-3-tasandiline-pikendatav-mikrolaineahju-riiul\/","title":{"rendered":"MagicRackPro\u2122 3-tasandiline pikendatav mikrolaineahju riiul"},"content":{"rendered":"<div class=\"smania_landing_description_title\">UUS: suurendab ruumi k\u00f6\u00f6gis<\/div>\n<div class=\"smania_landing_description_txt\">Tonni lisaruumi k\u00f6\u00f6gi t\u00f6\u00f6pinnal!<\/div>\n<div class=\"smania_landing_description_subtitle\">Muuda oma k\u00f6\u00f6giruum n\u00fc\u00fcd 3-tasandilise pikendatava MagicRackPro\u2122 mikrolaineahju riiuliga. See vastupidavast s\u00fcsinikterasest valmistatud praktiline 3-astmeline riiul pakub erakordset stabiilsust ja tugevust. Selle laiendatav disain sobib ideaalselt teie vajadustele, muutes teie k\u00f6\u00f6gi v\u00e4limuse korrastatumaks ja funktsionaalsemaks.<\/div>\n<div class=\"smania_landing_description_list\">\n<ul>\n<li>Lisage oma k\u00f6\u00f6gi t\u00f6\u00f6pinnale rohkem ruumi<\/li>\n<li>Laiendatav disain sobib igale pinnale<\/li>\n<li>Sobib ideaalselt mikrolaineahjude ja muude k\u00f6\u00f6giseadmete jaoks<\/li>\n<li>Vastupidav metall tagab stabiilsuse ja pika eluea<\/li>\n<li>Sobib ideaalselt k\u00f6\u00f6ki, kontorisse v\u00f5i mis tahes muusse keskkonda<\/li>\n<li>Sisaldab 6 konksu k\u00f6\u00f6gin\u00f5uete jaoks<\/li>\n<\/ul><\/div>\n","protected":false},"excerpt":{"rendered":"<p>Vastupidav ja tugev materjal|Topelt hoiuruum|Mitmek\u00fclgselt kasutatav erinevate rakenduste jaoks|Sisaldab v\u00fcrtsiriiulit ja fooliumi|Disain sobib igasse k\u00f6\u00f6ki|V\u00e4rv: Hall|Kaal: 6.2kg|Materjal: Materjal: vastupidav metall|Pikkus: Laiendatav 40-64 cm|Kogum\u00f5\u00f5dud: 79 x 36,5 x 40-64 cm|Tugev ja stabiilne konstruktsioon|Sisaldab 6 konksu k\u00f6\u00f6gin\u00f5uete jaoks<\/p>\n","protected":false},"featured_media":30632,"template":"","meta":[],"product_cat":[1594,1602],"product_tag":[1671],"acf":[],"_links":{"self":[{"href":"https:\/\/smania.store\/ee\/wp-json\/wp\/v2\/product\/30644"}],"collection":[{"href":"https:\/\/smania.store\/ee\/wp-json\/wp\/v2\/product"}],"about":[{"href":"https:\/\/smania.store\/ee\/wp-json\/wp\/v2\/types\/product"}],"wp:featuredmedia":[{"embeddable":true,"href":"https:\/\/smania.store\/ee\/wp-json\/wp\/v2\/media\/30632"}],"wp:attachment":[{"href":"https:\/\/smania.store\/ee\/wp-json\/wp\/v2\/media?parent=30644"}],"wp:term":[{"taxonomy":"product_cat","embeddable":true,"href":"https:\/\/smania.store\/ee\/wp-json\/wp\/v2\/product_cat?post=30644"},{"taxonomy":"product_tag","embeddable":true,"href":"https:\/\/smania.store\/ee\/wp-json\/wp\/v2\/product_tag?post=30644"}],"curies":[{"name":"wp","href":"https:\/\/api.w.org\/{rel}","templated":true}]}}