{"id":30602,"date":"2025-04-15T08:43:46","date_gmt":"2025-04-15T06:43:46","guid":{"rendered":"https:\/\/smania.store\/ee\/toode\/fitness-laud-pilatesprofit\/"},"modified":"2025-09-05T19:40:17","modified_gmt":"2025-09-05T17:40:17","slug":"fitness-laud-pilatesprofit","status":"publish","type":"product","link":"https:\/\/smania.store\/ee\/toode\/fitness-laud-pilatesprofit\/","title":{"rendered":"Fitness laud PilatesProFit\u2122"},"content":{"rendered":"<div class=\"smania_landing_description_title\">UUS: Kogu keha treeninglahendus<\/div>\n<div class=\"smania_landing_description_txt\">Saage oma unistuste keha kodus!<\/div>\n<div class=\"smania_landing_description_subtitle\">Kas sa unistad kodusest j\u00f5usaalist? PilatesProFit\u2122 fitness-laud on vastus teie soovidele! See kompaktne seade \u00fchendab pilatese ja kogu keha treeningu, muutes iga treeningtunni erinevaks, p\u00f5nevaks ja kaasahaaravaks. Reguleeritavate vastupanurihmade ja nutika taimeri abil saab teie unistuste treening tegelikkuseks! Osta see kohe ja avasta, kuidas saad oma koduse fitness-rutiini revolutsiooniliselt muuta.<\/div>\n<div class=\"smania_landing_description_list\">\n<ul>\n<li>Kombineerib palju harjutusi kogu keha treenimiseks<\/li>\n<li>Reguleeritavad vastupanurihmad igale treeningu tasemele<\/li>\n<li>\u00d5lgade, k\u00e4te, jalgade ja rinnakorvi sihip\u00e4rane tugevdamine<\/li>\n<li>Sisseehitatud taimer t\u00e4pseks j\u00e4lgimiseks<\/li>\n<li>Kokkupandav disain ja kompaktne suurus lihtsaks hoiustamiseks<\/li>\n<\/ul><\/div>\n","protected":false},"excerpt":{"rendered":"<p>T\u00f5hus kogu keha treening kodus|Kohandatav treeningu intensiivsus|Tugevdab ja toniseerib lihaseid|Sobib ideaalselt nii algajatele kui ka edasij\u00f5udnutele|Lihtne kasutada ja luua erinevaid harjutusi|Kompaktne ja kokkupandav: sobib ideaalselt ka v\u00e4ikestesse ruumidesse|Libisemiskindlad aluspadjad ja 180\u00b0 p\u00f6\u00f6rlevad k\u00e4epidemed|Mugav vahtpolster k\u00e4epidemetel ja paksendatud p\u00f5lvepadjad|Materjal: kvaliteetne plastik (ABS)|M\u00f5\u00f5dud: 106 x 41 cm|Maksimaalne kandev\u00f5ime: 140 kg|Lauda kaal: 9,7 kg<\/p>\n","protected":false},"featured_media":30590,"template":"","meta":[],"product_cat":[1594,1600,1598],"product_tag":[1663,2112],"acf":[],"_links":{"self":[{"href":"https:\/\/smania.store\/ee\/wp-json\/wp\/v2\/product\/30602"}],"collection":[{"href":"https:\/\/smania.store\/ee\/wp-json\/wp\/v2\/product"}],"about":[{"href":"https:\/\/smania.store\/ee\/wp-json\/wp\/v2\/types\/product"}],"wp:featuredmedia":[{"embeddable":true,"href":"https:\/\/smania.store\/ee\/wp-json\/wp\/v2\/media\/30590"}],"wp:attachment":[{"href":"https:\/\/smania.store\/ee\/wp-json\/wp\/v2\/media?parent=30602"}],"wp:term":[{"taxonomy":"product_cat","embeddable":true,"href":"https:\/\/smania.store\/ee\/wp-json\/wp\/v2\/product_cat?post=30602"},{"taxonomy":"product_tag","embeddable":true,"href":"https:\/\/smania.store\/ee\/wp-json\/wp\/v2\/product_tag?post=30602"}],"curies":[{"name":"wp","href":"https:\/\/api.w.org\/{rel}","templated":true}]}}