{"id":30554,"date":"2025-04-10T13:17:39","date_gmt":"2025-04-10T11:17:39","guid":{"rendered":"https:\/\/smania.store\/ee\/toode\/viva-vex-konniteepuhasti\/"},"modified":"2025-08-28T10:11:18","modified_gmt":"2025-08-28T08:11:18","slug":"viva-vex-konniteepuhasti","status":"publish","type":"product","link":"https:\/\/smania.store\/ee\/toode\/viva-vex-konniteepuhasti\/","title":{"rendered":"Viva Vex k\u00f5nniteepuhasti"},"content":{"rendered":"<div class=\"smania_landing_description_title\">UUS! Viva Vex &#8211; lihtne puhastamine, suurep\u00e4rased tulemused<\/div>\n<div class=\"smania_landing_description_txt\">T\u00e4iuslik vahend laitmatult puhta \u00f5ue jaoks<\/div>\n<div class=\"smania_landing_description_subtitle\">Kas soovite, et teie terrass, aiateed v\u00f5i s\u00f5idutee s\u00e4raks j\u00e4lle nagu uus? Viva Vexi abil eemaldate kiiresti ja t\u00f5husalt k\u00f5ik kangekaelsed plekid, rasvaribad, vetikad, hallituse ja mineraalsed ladestused. See \u00e4\u00e4rmiselt v\u00f5imas koostis on spetsiaalselt loodud mitmesuguste pindade puhastamiseks, olles samas piisavalt \u00f5rn, et mitte kahjustada teie v\u00e4\u00e4rtuslikke sillutiskive.<\/div>\n<div class=\"smania_landing_description_list\">\n<ul>\n<li>Lihtne plekieemaldus: j\u00e4tke h\u00fcvasti kangekaelsete plekkide, rasvakihi ja vetikate eemaldamine minimaalse vaevaga<\/li>\n<li>Mitmek\u00fclgne: sobib graniidile, marmorile, liivakivile, keraamikale ja muudele materjalidele<\/li>\n<li>Suurep\u00e4rased tulemused: Viva Vex tagab, et teie terrass v\u00f5i tagahoov n\u00e4eb v\u00e4lja nagu uus, olenemata sillutiskivide vanusest<\/li>\n<li>Ohutu kasutamine: Kuigi see on tugev mustuse vastu, on see teie pindade jaoks ohutu, kui seda kasutatakse \u00f5igesti<\/li>\n<li>S\u00e4\u00e4stab aega ja vaeva: Kiire ja lihtne puhastamine, ilma et oleks vaja vaevarikast k\u00fc\u00fcrimist<\/li>\n<\/ul><\/div>\n","protected":false},"excerpt":{"rendered":"<p>Erakordne puhastusv\u00f5imsus: Eemaldab kiiresti ka k\u00f5ige raskemad plekid ja ladestused|Sobib erinevate materjalide jaoks: Kasutage seda graniidil, marmoril, liivakivil ja muudel looduslikel kividel|Lihtne kasutada: Ilusa tulemuse saavutamiseks lihtsalt kanda, oodata ja loputada|\u00d5rn pindadele: Tugev mustuse vastu, kuid \u00f5rn teie sillutiskivide suhtes|Maht: 500 ml, piisav suuremate pindade jaoks|Kiire toime: T\u00f5hus puhastus ilma pika ooteajata|Mitmek\u00fclgne: Ideaalne terrassidele, sisses\u00f5iduteedele, aiateedele ja k\u00f5ikidele kivist v\u00e4lispindadele|Keskkonnas\u00f5bralik: Koostatud ilma kahjulike kemikaalideta, s\u00e4\u00e4stab keskkonda ja keskkonda<\/p>\n","protected":false},"featured_media":30540,"template":"","meta":[],"product_cat":[1594,2107],"product_tag":[1681,2109],"acf":[],"_links":{"self":[{"href":"https:\/\/smania.store\/ee\/wp-json\/wp\/v2\/product\/30554"}],"collection":[{"href":"https:\/\/smania.store\/ee\/wp-json\/wp\/v2\/product"}],"about":[{"href":"https:\/\/smania.store\/ee\/wp-json\/wp\/v2\/types\/product"}],"wp:featuredmedia":[{"embeddable":true,"href":"https:\/\/smania.store\/ee\/wp-json\/wp\/v2\/media\/30540"}],"wp:attachment":[{"href":"https:\/\/smania.store\/ee\/wp-json\/wp\/v2\/media?parent=30554"}],"wp:term":[{"taxonomy":"product_cat","embeddable":true,"href":"https:\/\/smania.store\/ee\/wp-json\/wp\/v2\/product_cat?post=30554"},{"taxonomy":"product_tag","embeddable":true,"href":"https:\/\/smania.store\/ee\/wp-json\/wp\/v2\/product_tag?post=30554"}],"curies":[{"name":"wp","href":"https:\/\/api.w.org\/{rel}","templated":true}]}}