{"id":30538,"date":"2025-04-10T13:15:25","date_gmt":"2025-04-10T11:15:25","guid":{"rendered":"https:\/\/smania.store\/ee\/toode\/kanalisatsiooni-ja-kraanikausi-puhastusvahend-easyclean\/"},"modified":"2025-08-12T17:03:13","modified_gmt":"2025-08-12T15:03:13","slug":"kanalisatsiooni-ja-kraanikausi-puhastusvahend-easyclean","status":"publish","type":"product","link":"https:\/\/smania.store\/ee\/toode\/kanalisatsiooni-ja-kraanikausi-puhastusvahend-easyclean\/","title":{"rendered":"Kanalisatsiooni ja kraanikausi puhastusvahend EasyClean"},"content":{"rendered":"<div class=\"smania_landing_description_title\">UUS! EasyClean &#8211; t\u00e4iuslik lahendus kanalisatsiooni ummistumise k\u00f5rvaldamiseks<\/div>\n<div class=\"smania_landing_description_txt\">Vabastage kiiresti ja t\u00f5husalt oma torustik.<\/div>\n<div class=\"smania_landing_description_subtitle\">Kas teil on tegemist ummistunud kanalisatsiooniga, mis p\u00f5hjustab teile peavalu? EasyClean on v\u00f5imas puhastusvahend, mis lahendab teie \u00e4ravooluprobleemid kiiresti ja lihtsalt. Selle puhastusvahendi spetsiaalne koostis lahustab t\u00f5husalt orgaanilisi aineid, nagu rasv, juuksed, paber, seebij\u00e4\u00e4gid ja \u00f5lid, mis sageli p\u00f5hjustavad ummistusi. Olenemata sellest, kas tegemist on k\u00f6\u00f6gi kanalisatsiooni, tualeti v\u00f5i valamuga, EasyClean tagab teie torustiku laitmatu toimimise.<\/div>\n<div class=\"smania_landing_description_list\">\n<ul>\n<li>Eemaldab t\u00f5husalt ummistused: Lahustab kangekaelseid orgaanilisi aineid ja taastab kiiresti voolu teie kanalisatsioonitorustikus<\/li>\n<li>Ohutu teie torudele: EI kahjusta teie torusid ega septikuid<\/li>\n<li>Lihtne kasutada: Lihtsalt valage see sisse, oodake paar minutit ja loputage veega &#8211; kiire ja vaevata<\/li>\n<li>Keskkonnas\u00f5bralik: Koostis, mis ei kahjusta keskkonda ega reosta p\u00f5hjavett<\/li>\n<li>S\u00e4\u00e4stab aega ja raha: V\u00e4ltida kallist ja aegan\u00f5udvat torumeeste teenust<\/li>\n<\/ul><\/div>\n","protected":false},"excerpt":{"rendered":"<p>Kiire ja t\u00f5hus: Lahustab rasva, juuksed, paberi ja muud ummistused vaid m\u00f5ne minutiga|Ohutu kasutamine: Ei kahjusta torusid, kanalisatsiooni ega septilisi s\u00fcsteeme|Mugav pakend: Kompaktne 100 g pakend, mida saab h\u00f5lpsasti hoiustada|Pikaajaline t\u00f5husus: Hoiab teie torustiku s\u00fcsteemi suurep\u00e4rases seisukorras regulaarse kasutamise korral|Koostis: Mittekorrodeeruvad materjalid, mis on ohutud igat t\u00fc\u00fcpi torude jaoks|Kasutamine: Sobib k\u00f6\u00f6gi kanalisatsiooni, valamute, vannide, tualettide ja muude peamiste kanalisatsioonitorude jaoks|Kiire tegevus: Lahustab t\u00f5husalt ummistused vaid m\u00f5ne minutiga|Keskkonnas\u00f5bralik: Koostis, mis ei kahjusta keskkonda ja hoiab loodusvarad puhtana<\/p>\n","protected":false},"featured_media":30529,"template":"","meta":[],"product_cat":[1594,1602,2107],"product_tag":[1931,2109,1647],"acf":[],"_links":{"self":[{"href":"https:\/\/smania.store\/ee\/wp-json\/wp\/v2\/product\/30538"}],"collection":[{"href":"https:\/\/smania.store\/ee\/wp-json\/wp\/v2\/product"}],"about":[{"href":"https:\/\/smania.store\/ee\/wp-json\/wp\/v2\/types\/product"}],"wp:featuredmedia":[{"embeddable":true,"href":"https:\/\/smania.store\/ee\/wp-json\/wp\/v2\/media\/30529"}],"wp:attachment":[{"href":"https:\/\/smania.store\/ee\/wp-json\/wp\/v2\/media?parent=30538"}],"wp:term":[{"taxonomy":"product_cat","embeddable":true,"href":"https:\/\/smania.store\/ee\/wp-json\/wp\/v2\/product_cat?post=30538"},{"taxonomy":"product_tag","embeddable":true,"href":"https:\/\/smania.store\/ee\/wp-json\/wp\/v2\/product_tag?post=30538"}],"curies":[{"name":"wp","href":"https:\/\/api.w.org\/{rel}","templated":true}]}}