{"id":30527,"date":"2025-04-10T13:14:40","date_gmt":"2025-04-10T11:14:40","guid":{"rendered":"https:\/\/smania.store\/ee\/toode\/emulsioon-porandale-floor-max\/"},"modified":"2025-08-19T13:22:09","modified_gmt":"2025-08-19T11:22:09","slug":"emulsioon-porandale-floor-max","status":"publish","type":"product","link":"https:\/\/smania.store\/ee\/toode\/emulsioon-porandale-floor-max\/","title":{"rendered":"Emulsioon p\u00f5randale Floor Max"},"content":{"rendered":"<div class=\"smania_landing_description_title\">UUS! Floor Max &#8211; t\u00e4iuslik puhtus teie p\u00f5randale<\/div>\n<div class=\"smania_landing_description_txt\">Pikaajaline puhtus ja kaitse k\u00f5ikidele p\u00f5randapindadele<\/div>\n<div class=\"smania_landing_description_subtitle\">Kas soovite, et teie p\u00f5randad s\u00e4raksid parimas valguses, olenemata pinna t\u00fc\u00fcbist? Floor Max on \u00e4\u00e4rmiselt t\u00f5hus puhastusvahend, mis on m\u00f5eldud igat t\u00fc\u00fcpi p\u00f5randapindade s\u00fcgavpuhastuseks ja taastamiseks. See eemaldab kangekaelseid plekke, mustust ja rasva, hoides teie p\u00f5randad l\u00e4ikivana ja v\u00e4rskena. Floor Max on ideaalne valik kodude ja \u00e4ripindade jaoks, pakkudes pikaajalist puhtust ja kaitset.<\/div>\n<div class=\"smania_landing_description_list\">\n<ul>\n<li>Mitmek\u00fclgne kasutamine: Sobib enamikule p\u00f5randat\u00fc\u00fcpidele, nagu tihendatud puit-, vin\u00fc\u00fcl-, s\u00fcnteetilised, kivi- ja korgip\u00f5randad<\/li>\n<li>Erakordne puhastusv\u00f5imsus: Eemaldab kiiresti plekid ja mustuse ilma pinda kahjustamata<\/li>\n<li>Lihtne kasutada: Lihtsalt kandke ja p\u00fchkige &#8211; teie p\u00f5randad n\u00e4evad v\u00e4lja nagu uued<\/li>\n<li>V\u00e4rske l\u00f5hnaga: J\u00e4tab meeldiva ja kauakestva v\u00e4rske l\u00f5hna<\/li>\n<li>Pikaajaline kaitse: Tekitab kaitsva kihi, mis aitab v\u00e4ltida mustuse uuesti kogunemist<\/li>\n<\/ul><\/div>\n","protected":false},"excerpt":{"rendered":"<p>S\u00fcgavpuhastus: Eemaldab t\u00f5husalt mustuse ja plekid p\u00f5randapindadelt|Pikaajaline v\u00e4rskus: J\u00e4tab kauakestva v\u00e4rske l\u00f5hna ja s\u00e4ra|Sobib ideaalselt igat t\u00fc\u00fcpi p\u00f5randapindadele, sealhulgas \u00f5rnadele materjalidele|Kiire ja lihtne kasutada, ei vaja loputamist|Maht: 500 ml, piisav mitmekordseks kasutamiseks|Keskkonnas\u00f5bralik: Valem ei sisalda kahjulikke kemikaale|Sobib enamikule p\u00f5randat\u00fc\u00fcpidele, nagu pitseeritud puit-, vin\u00fc\u00fcl-, s\u00fcnteetilised, kivi- ja korgip\u00f5randad|Kiiresti kuivav: Pinnad kuivavad p\u00e4rast puhastamist kiiresti ja on ohutud kasutada<\/p>\n","protected":false},"featured_media":30516,"template":"","meta":[],"product_cat":[1594,2107],"product_tag":[1931,2109],"acf":[],"_links":{"self":[{"href":"https:\/\/smania.store\/ee\/wp-json\/wp\/v2\/product\/30527"}],"collection":[{"href":"https:\/\/smania.store\/ee\/wp-json\/wp\/v2\/product"}],"about":[{"href":"https:\/\/smania.store\/ee\/wp-json\/wp\/v2\/types\/product"}],"wp:featuredmedia":[{"embeddable":true,"href":"https:\/\/smania.store\/ee\/wp-json\/wp\/v2\/media\/30516"}],"wp:attachment":[{"href":"https:\/\/smania.store\/ee\/wp-json\/wp\/v2\/media?parent=30527"}],"wp:term":[{"taxonomy":"product_cat","embeddable":true,"href":"https:\/\/smania.store\/ee\/wp-json\/wp\/v2\/product_cat?post=30527"},{"taxonomy":"product_tag","embeddable":true,"href":"https:\/\/smania.store\/ee\/wp-json\/wp\/v2\/product_tag?post=30527"}],"curies":[{"name":"wp","href":"https:\/\/api.w.org\/{rel}","templated":true}]}}