{"id":30502,"date":"2025-04-10T13:12:15","date_gmt":"2025-04-10T11:12:15","guid":{"rendered":"https:\/\/smania.store\/ee\/toode\/hermeetiku-pihusti-leak-proof\/"},"modified":"2025-04-10T13:12:15","modified_gmt":"2025-04-10T11:12:15","slug":"hermeetiku-pihusti-leak-proof","status":"publish","type":"product","link":"https:\/\/smania.store\/ee\/toode\/hermeetiku-pihusti-leak-proof\/","title":{"rendered":"Hermeetiku pihusti Leak Proof"},"content":{"rendered":"<div class=\"smania_landing_description_title\">UUS! Leak Proof &#8211; t\u00e4iuslik lahendus k\u00f5igile teie leketele<\/div>\n<div class=\"smania_landing_description_txt\">T\u00f5husalt tihendavad lekked ja praod hetkega<\/div>\n<div class=\"smania_landing_description_subtitle\">Kas olete v\u00e4sinud sellest, et peate pidevalt tegelema lekete, pragude ja l\u00f5hedega oma kodus v\u00f5i s\u00f5idukis? See erakordne tihendusprei pakub tipptasemel kaitset ja mitmek\u00fclgset kasutust. Lihtne, kiire ja t\u00f5hus &#8211; parandage lekked sekunditega, ilma et vajaksite kallist professionaalset teenust.<\/div>\n<div class=\"smania_landing_description_list\">\n<ul>\n<li>Erakordne ilmastikukindlus: Lekkekindel hermeetiline sprei on loodud vastu pidama k\u00f5ikidele ilmastikutingimustele, alates kuumast suvest kuni k\u00fclma talveni, ilma pragunemata v\u00f5i koorumata<\/li>\n<li>T\u00e4iesti veekindel: Loob vett t\u00e4ielikult t\u00f5rjuva ja niiskuse sissetungi takistava l\u00e4bitungimatu barj\u00e4\u00e4ri<\/li>\n<li>V\u00f5rratu mitmek\u00fclgsus: Kasutage seda aknaaukude, vannitoaplaatide pragude v\u00f5i s\u00f5idukite lekete t\u00e4itmiseks<\/li>\n<li>Lihtne kasutada: Lihtsalt kandke sprei peale, kujundage tihend ja laske kuivada &#8211; ei mingit vaeva, ei mingit segadust<\/li>\n<li>Pikaajaline kaitse: Loob vastupidava, paindliku tihendi, mis peab vastu ka k\u00f5ige raskemates tingimustes<\/li>\n<\/ul><\/div>\n","protected":false},"excerpt":{"rendered":"<p>Vastupidav kaitse: Suvises kuumuses pehmenemisele ja talvek\u00fclmas pragunemisele v\u00f5i koorumisele vastu pidav tihendusprei tagab pikaajalise kaitse|Mitmek\u00fclgne kasutus: Sobib puidu, metalli, plaatide, kangaste, klaasi, plasti, alumiiniumi, portselani, kipsplaatide, tsemendi ja muu jaoks|T\u00e4pne pealekandmine: T\u00e4pne pihusti v\u00f5imaldab kontrollitud pealekandmist ilma liigse materjalita|T\u00f6\u00f6stuslik kvaliteet: Seda usaldavad nii kodu- ja hobi\u00f5petajad kui ka professionaalid, mist\u00f5ttu on see t\u00f6\u00f6stusharu juhtiv valik|Maht: 375 ml, piisav mitme projekti jaoks|Kiire kuivamine: T\u00f5hus tihendamine m\u00f5ne minutiga, ilma lisavahendeid kasutamata|L\u00e4bimatu kaitse: Ilmastikukindel ja t\u00e4ielikult veekindel, mis tagab pikaajalise kaitse|Kasutamine: Ideaalne kodudes, s\u00f5idukites, paatides ja muudes rakendustes, kus on vaja usaldusv\u00e4\u00e4rset tihendamist<\/p>\n","protected":false},"featured_media":30493,"template":"","meta":[],"product_cat":[1594,2107],"product_tag":[2108,1931],"acf":[],"_links":{"self":[{"href":"https:\/\/smania.store\/ee\/wp-json\/wp\/v2\/product\/30502"}],"collection":[{"href":"https:\/\/smania.store\/ee\/wp-json\/wp\/v2\/product"}],"about":[{"href":"https:\/\/smania.store\/ee\/wp-json\/wp\/v2\/types\/product"}],"wp:featuredmedia":[{"embeddable":true,"href":"https:\/\/smania.store\/ee\/wp-json\/wp\/v2\/media\/30493"}],"wp:attachment":[{"href":"https:\/\/smania.store\/ee\/wp-json\/wp\/v2\/media?parent=30502"}],"wp:term":[{"taxonomy":"product_cat","embeddable":true,"href":"https:\/\/smania.store\/ee\/wp-json\/wp\/v2\/product_cat?post=30502"},{"taxonomy":"product_tag","embeddable":true,"href":"https:\/\/smania.store\/ee\/wp-json\/wp\/v2\/product_tag?post=30502"}],"curies":[{"name":"wp","href":"https:\/\/api.w.org\/{rel}","templated":true}]}}