{"id":30491,"date":"2025-04-10T13:10:08","date_gmt":"2025-04-10T11:10:08","guid":{"rendered":"https:\/\/smania.store\/ee\/toode\/veekindel-hermeetik-leak-stop-clear-xl\/"},"modified":"2025-04-10T13:10:08","modified_gmt":"2025-04-10T11:10:08","slug":"veekindel-hermeetik-leak-stop-clear-xl","status":"publish","type":"product","link":"https:\/\/smania.store\/ee\/toode\/veekindel-hermeetik-leak-stop-clear-xl\/","title":{"rendered":"Veekindel hermeetik Leak Stop Clear XL"},"content":{"rendered":"<div class=\"smania_landing_description_title\">UUS! T\u00e4iuslik veekindel kaitse k\u00f5ikidele pindadele<\/div>\n<div class=\"smania_landing_description_txt\">Praod parandatakse \u00fche lihtsa sammuga<\/div>\n<div class=\"smania_landing_description_subtitle\">See uuenduslik l\u00e4bipaistev hermeetik v\u00f5imaldab kiiresti parandada pragusid ja auke ning kaitsta niiskuse ja rooste eest mitmesugustel kriitilistel pindadel. \u00c4rge laske niiskusel v\u00f5i korrosioonil oma vara kahjustada &#8211; tagage p\u00fcsiv kaitse.<\/div>\n<div class=\"smania_landing_description_list\">\n<ul>\n<li>Tagab pikaajalise kaitse niiskuse eest<\/li>\n<li>Kuivab kiiresti ja j\u00e4\u00e4b paindlikuks<\/li>\n<li>N\u00e4htamatu enamikul pindadel<\/li>\n<li>Saab kasutada erinevatel materjalidel<\/li>\n<li>Sobib kasutamiseks \u00f5hukese kattekihina ja v\u00e4iksemate pragude t\u00e4itmiseks<\/li>\n<\/ul><\/div>\n","protected":false},"excerpt":{"rendered":"<p>Pikaajaline kaitse niiskuse ja rooste eest|N\u00e4htamatu pealekandmine tagab esteetilise v\u00e4limuse|Kiiresti kuivav ja paindlik koostis|Kasutatav sise- ja v\u00e4lispindadel|L\u00e4bipaistev v\u00e4rv n\u00e4htamatuks pealekandmiseks|Saab kasutada erinevatel materjalidel, nagu metall, betoon, plastik jne.|Paindlik pealekandmine &#8211; v\u00f5ib kanda pintsli, rulli v\u00f5i otsevaluga|Vastupidav \u00e4\u00e4rmuslikele ilmastikutingimustele ja UV-kiirgusele|Maht: 300 ml, piisav kuni 5 m\u00b2 pinnale|M\u00c4RKUS: toode tundub juba p\u00e4rast pealekandmist valge, kuid muutub p\u00e4rast kuivamist l\u00e4bipaistvaks<\/p>\n","protected":false},"featured_media":30480,"template":"","meta":[],"product_cat":[1594,2107],"product_tag":[1681,2108],"acf":[],"_links":{"self":[{"href":"https:\/\/smania.store\/ee\/wp-json\/wp\/v2\/product\/30491"}],"collection":[{"href":"https:\/\/smania.store\/ee\/wp-json\/wp\/v2\/product"}],"about":[{"href":"https:\/\/smania.store\/ee\/wp-json\/wp\/v2\/types\/product"}],"wp:featuredmedia":[{"embeddable":true,"href":"https:\/\/smania.store\/ee\/wp-json\/wp\/v2\/media\/30480"}],"wp:attachment":[{"href":"https:\/\/smania.store\/ee\/wp-json\/wp\/v2\/media?parent=30491"}],"wp:term":[{"taxonomy":"product_cat","embeddable":true,"href":"https:\/\/smania.store\/ee\/wp-json\/wp\/v2\/product_cat?post=30491"},{"taxonomy":"product_tag","embeddable":true,"href":"https:\/\/smania.store\/ee\/wp-json\/wp\/v2\/product_tag?post=30491"}],"curies":[{"name":"wp","href":"https:\/\/api.w.org\/{rel}","templated":true}]}}