{"id":30478,"date":"2025-04-10T13:06:41","date_gmt":"2025-04-10T11:06:41","guid":{"rendered":"https:\/\/smania.store\/ee\/toode\/keraamiline-remondipasta-ultra-paste\/"},"modified":"2025-04-10T13:06:41","modified_gmt":"2025-04-10T11:06:41","slug":"keraamiline-remondipasta-ultra-paste","status":"publish","type":"product","link":"https:\/\/smania.store\/ee\/toode\/keraamiline-remondipasta-ultra-paste\/","title":{"rendered":"Keraamiline remondipasta Ultra Paste"},"content":{"rendered":"<div class=\"smania_landing_description_title\">UUS! Ultra Paste &#8211; lihtne lahendus keraamiliste materjalide remondiks<\/div>\n<div class=\"smania_landing_description_txt\">Parandage kahjustatud keraamika hetkega!<\/div>\n<div class=\"smania_landing_description_subtitle\">Kas olete v\u00e4sinud sellest, et elate oma lemmik keraamiliste esemete pragude ja kahjustustega? Ultra Paste&#8217;i abil on teie probleem lahendatud kiiremini, kui te arvate. See \u00fclimalt t\u00f5hus pasta on m\u00f5eldud katkiste plaatide, katkiste servade ja pragunenud keraamika parandamiseks, andes t\u00e4iusliku tulemuse vaid \u00fche kasutuskorraga.<\/div>\n<div class=\"smania_landing_description_list\">\n<ul>\n<li>Kiire ja lihtne remont: Taastage kahjustatud keraamika vaid m\u00f5ne minutiga \u00fche lihtsa pealekandmisega<\/li>\n<li>Ideaalne sobivus: Pasta sulandub sujuvalt teie keraamika v\u00e4rvi ja tekstuuriga, muutes remondi n\u00e4htamatuks<\/li>\n<li>Universaalne kasutamine: Sobib ideaalselt igat t\u00fc\u00fcpi keraamiliste pindade jaoks &#8211; alates plaatidest kuni tasside ja vaasideni<\/li>\n<li>S\u00e4\u00e4stab aega ja raha: V\u00e4ltige kallist asendamist ja pikaajalist remonti lihtsa ja t\u00f5husa Ultra Paste&#8217;i abil<\/li>\n<li>Vastupidav lahendus: P\u00e4rast kuivamist on parandus kindel ja vastupidav igap\u00e4evases kasutuses<\/li>\n<\/ul><\/div>\n","protected":false},"excerpt":{"rendered":"<p>T\u00e4iuslik t\u00e4idis: Pasta t\u00e4idab t\u00f5husalt k\u00f5ik praod, l\u00f5hestunud servad ja augud|Kiire kuivamine: Parandused on tahked vaid 10 minutiga|Veekindel: P\u00e4rast parandamist on pind vastupidav veele ja muudele vedelikele|N\u00e4htamatu remont: Pasta sulandub ideaalselt teie keraamikaga ega j\u00e4ta n\u00e4htavaid j\u00e4lgi|Maht: 100 g, piisav mitmeks remondiks|Kvaliteetne koostis: Loodud vastupidavuse ja tugevuse tagamiseks|Lihtne kasutada: Lihtsalt segage, kandke ja siluge|Universaalne: Sobib plaatidele, portselanile, klaasist esemetele ja muuleki|M\u00c4RKUS: toode sobib ainult valge keraamika jaoks<\/p>\n","protected":false},"featured_media":30456,"template":"","meta":[],"product_cat":[1594,2107],"product_tag":[2108,1931,1647],"acf":[],"_links":{"self":[{"href":"https:\/\/smania.store\/ee\/wp-json\/wp\/v2\/product\/30478"}],"collection":[{"href":"https:\/\/smania.store\/ee\/wp-json\/wp\/v2\/product"}],"about":[{"href":"https:\/\/smania.store\/ee\/wp-json\/wp\/v2\/types\/product"}],"wp:featuredmedia":[{"embeddable":true,"href":"https:\/\/smania.store\/ee\/wp-json\/wp\/v2\/media\/30456"}],"wp:attachment":[{"href":"https:\/\/smania.store\/ee\/wp-json\/wp\/v2\/media?parent=30478"}],"wp:term":[{"taxonomy":"product_cat","embeddable":true,"href":"https:\/\/smania.store\/ee\/wp-json\/wp\/v2\/product_cat?post=30478"},{"taxonomy":"product_tag","embeddable":true,"href":"https:\/\/smania.store\/ee\/wp-json\/wp\/v2\/product_tag?post=30478"}],"curies":[{"name":"wp","href":"https:\/\/api.w.org\/{rel}","templated":true}]}}