{"id":30454,"date":"2025-04-10T13:04:51","date_gmt":"2025-04-10T11:04:51","guid":{"rendered":"https:\/\/smania.store\/ee\/toode\/mesilasvaha-puidu-jaoks-bee-wax\/"},"modified":"2025-04-10T13:04:51","modified_gmt":"2025-04-10T11:04:51","slug":"mesilasvaha-puidu-jaoks-bee-wax","status":"publish","type":"product","link":"https:\/\/smania.store\/ee\/toode\/mesilasvaha-puidu-jaoks-bee-wax\/","title":{"rendered":"Mesilasvaha puidu jaoks Bee Wax"},"content":{"rendered":"<div class=\"smania_landing_description_title\">UUS! Bee Wax &#8211; taastab teie puitm\u00f6\u00f6bli l\u00e4ike<\/div>\n<div class=\"smania_landing_description_txt\">\u00c4ratage oma puitm\u00f6\u00f6bel uuesti ellu!<\/div>\n<div class=\"smania_landing_description_subtitle\">Kas olete v\u00e4sinud oma vana puitm\u00f6\u00f6bli tuhmast ja kulunud v\u00e4limusest? Mesilasvaha on suurep\u00e4rane poleerimisvahend, mis taastab teie m\u00f6\u00f6bli l\u00e4ike ja loomuliku ilu. Teie vanast m\u00f6\u00f6blist ei ole vaja vabaneda &#8211; selle vaha abil n\u00e4eb see v\u00e4lja nagu uus. 150 ml mahust piisab kuni 8 m\u00b2 puitpindade jaoks, mist\u00f5ttu sobib see ideaalselt teie lemmiktoodete taaselustamiseks.<\/div>\n<div class=\"smania_landing_description_list\">\n<ul>\n<li>Taastab s\u00e4ra: taastab puitpinnad ja annab neile loomuliku l\u00e4ike, muutes m\u00f6\u00f6bli nagu uueks<\/li>\n<li>Lihtne kasutada: kiire ja lihtne pealekandmine, mis annab m\u00f6\u00f6blile kauakestva l\u00e4ike ja kaitse<\/li>\n<li>Kriimustust\u00f5rje: kaitseb puitu kahjustuste eest ja hoiab \u00e4ra kriimustused<\/li>\n<li>Veekindel kaitse: loob veekindla barj\u00e4\u00e4ri, mis kaitseb teie m\u00f6\u00f6blit niiskuse eest<\/li>\n<li>Mittem\u00fcrgine ja ohutu: sisaldab mesilasvaha, mis on ohutu kasutada, mittetoksiline ja \u00f5rn nahale<\/li>\n<\/ul><\/div>\n","protected":false},"excerpt":{"rendered":"<p>Puidu restaureerimine: Toob puitm\u00f6\u00f6bli tagasi oma loomulikku seisundit, mis annab s\u00e4ra ja kaitse|Pikaajaline kaitse: Ennetab kahjustusi ja kaitseb puitpindu niiskuse ja kriimustuste eest|Mitmek\u00fclgne kasutamine: Sobib ideaalselt puitp\u00f5randatele, laudadele, toolidele, ustele ja muule puitm\u00f6\u00f6blile|Ohutu kasutamine: Mittem\u00fcrgine koostis koos mesilasvahaga, sobib kodudesse, kus on lapsed ja lemmikloomad|Maht: 150 ml, piisav kuni 8 m\u00b2 puitpindade jaoks|Mesilasvaha koostis: looduslik koostis, mis toidab ja kaitseb puitu|Lihtne kasutada: kandke lihtsalt pehme lapiga peale ja nautige uuendatud s\u00e4ra|Mittem\u00fcrgine: vaha on ohutu kasutamiseks siseruumides, ei sisalda kahjulikke kemikaale<\/p>\n","protected":false},"featured_media":30444,"template":"","meta":[],"product_cat":[1594,2107],"product_tag":[1931],"acf":[],"_links":{"self":[{"href":"https:\/\/smania.store\/ee\/wp-json\/wp\/v2\/product\/30454"}],"collection":[{"href":"https:\/\/smania.store\/ee\/wp-json\/wp\/v2\/product"}],"about":[{"href":"https:\/\/smania.store\/ee\/wp-json\/wp\/v2\/types\/product"}],"wp:featuredmedia":[{"embeddable":true,"href":"https:\/\/smania.store\/ee\/wp-json\/wp\/v2\/media\/30444"}],"wp:attachment":[{"href":"https:\/\/smania.store\/ee\/wp-json\/wp\/v2\/media?parent=30454"}],"wp:term":[{"taxonomy":"product_cat","embeddable":true,"href":"https:\/\/smania.store\/ee\/wp-json\/wp\/v2\/product_cat?post=30454"},{"taxonomy":"product_tag","embeddable":true,"href":"https:\/\/smania.store\/ee\/wp-json\/wp\/v2\/product_tag?post=30454"}],"curies":[{"name":"wp","href":"https:\/\/api.w.org\/{rel}","templated":true}]}}