{"id":30443,"date":"2025-04-10T13:03:12","date_gmt":"2025-04-10T11:03:12","guid":{"rendered":"https:\/\/smania.store\/ee\/toode\/hallitust-ennetav-sprei-mold-remover\/"},"modified":"2026-03-08T13:32:47","modified_gmt":"2026-03-08T12:32:47","slug":"hallitust-ennetav-sprei-mold-remover","status":"publish","type":"product","link":"https:\/\/smania.store\/ee\/toode\/hallitust-ennetav-sprei-mold-remover\/","title":{"rendered":"Hallitust ennetav sprei Mold Remover"},"content":{"rendered":"<div class=\"smania_landing_description_title\">UUS! Mold Remover &#8211; Usaldusv\u00e4\u00e4rne kaitse hallituse vastu<\/div>\n<div class=\"smania_landing_description_txt\">Kaitske oma kodu hallituse eest ohutult ja keskkonnas\u00f5bralikult.<\/div>\n<div class=\"smania_landing_description_subtitle\">Kas teil on tegemist kangekaelse hallitusega, mis kasvab teie kodus v\u00f5i kontoris pidevalt? Mold Remover on ideaalne lahendus hallituse kasvu v\u00e4ltimiseks. See spetsiaalselt koostatud sprei ei sisalda kahjulikke kemikaale, mist\u00f5ttu on see teie kodu jaoks ohutu ja keskkonnas\u00f5bralik valik. T\u00e4nu meeldivale l\u00f5hnale ja lihtsale kasutamisele hoiab Mold Remover teie ruumid puhtad, terved ja hallituse vabad.<\/div>\n<div class=\"smania_landing_description_list\">\n<ul>\n<li>T\u00f5hus kaitse: Sprei loob kaitsebarj\u00e4\u00e4ri, mis takistab hallituse kasvu ja levikut, s\u00f5ltumata pinna t\u00fc\u00fcbist<\/li>\n<li>Mitmek\u00fclgne kasutamine: Sobib seintele, lagedele, kangastele ja mitmesugustele muudele niiskusele vastuv\u00f5tlikele pindadele<\/li>\n<li>Ohutu kasutamine: Ei sisalda kahjulikke kemikaale, ohutu kasutada k\u00f5ikides ruumides, sealhulgas magamistubades<\/li>\n<li>Keskkonnas\u00f5bralik: \u00d6koloogiline koostis, mis ei avalda keskkonnale kahjulikku m\u00f5ju<\/li>\n<li>Pikaajaline m\u00f5ju: Sprei regulaarne kasutamine tagab pikaajalise kaitse hallituse eest, hoides teie ruumid v\u00e4rskena ja tervena<\/li>\n<\/ul><\/div>\n","protected":false},"excerpt":{"rendered":"<p>Vastupidav kaitse: Loob kaitsekihi, mis takistab hallituse teket ja levikut|Lihtne kasutada: Lihtsalt puhastage kahjustatud ala, kandke sprei peale ja laske kuivada|Mitmek\u00fclgne kasutamine: Kasutage seda erinevatel pindadel &#8211; alates seintest ja lagedest kuni kangasteni|Meeldiv l\u00f5hn: Sprei on meeldiva l\u00f5hnaga, mis muudab selle kasutamise veelgi meeldivamaks|Mahutavus: 500 ml, piisab mitmekordseks kasutamiseks suurematel pindadel|Mittem\u00fcrgine koostis: Ei sisalda kahjulikke kemikaale, ohutu kasutada eluruumides|Pikaajaline kaitse: Takistab hallituse kasvu pikema aja jooksul p\u00e4rast pealekandmist|Keskkonnas\u00f5bralik: Toode on keskkonnas\u00f5bralik ja kaitseb teie kodu hallituse eest ilma kahjulike koostisaineteta<\/p>\n","protected":false},"featured_media":30435,"template":"","meta":[],"product_cat":[1594,2107],"product_tag":[2109,1647],"acf":[],"_links":{"self":[{"href":"https:\/\/smania.store\/ee\/wp-json\/wp\/v2\/product\/30443"}],"collection":[{"href":"https:\/\/smania.store\/ee\/wp-json\/wp\/v2\/product"}],"about":[{"href":"https:\/\/smania.store\/ee\/wp-json\/wp\/v2\/types\/product"}],"wp:featuredmedia":[{"embeddable":true,"href":"https:\/\/smania.store\/ee\/wp-json\/wp\/v2\/media\/30435"}],"wp:attachment":[{"href":"https:\/\/smania.store\/ee\/wp-json\/wp\/v2\/media?parent=30443"}],"wp:term":[{"taxonomy":"product_cat","embeddable":true,"href":"https:\/\/smania.store\/ee\/wp-json\/wp\/v2\/product_cat?post=30443"},{"taxonomy":"product_tag","embeddable":true,"href":"https:\/\/smania.store\/ee\/wp-json\/wp\/v2\/product_tag?post=30443"}],"curies":[{"name":"wp","href":"https:\/\/api.w.org\/{rel}","templated":true}]}}