{"id":30422,"date":"2025-04-10T13:02:17","date_gmt":"2025-04-10T11:02:17","guid":{"rendered":"https:\/\/smania.store\/ee\/toode\/klaasi-puhastusvahend-ja-hudrofoobne-kaitse-visiglass\/"},"modified":"2025-09-05T06:17:15","modified_gmt":"2025-09-05T04:17:15","slug":"klaasi-puhastusvahend-ja-hudrofoobne-kaitse-visiglass","status":"publish","type":"product","link":"https:\/\/smania.store\/ee\/toode\/klaasi-puhastusvahend-ja-hudrofoobne-kaitse-visiglass\/","title":{"rendered":"Klaasi puhastusvahend ja h\u00fcdrofoobne kaitse Visiglass"},"content":{"rendered":"<div class=\"smania_landing_description_title\">UUS! Visiglass &#8211; t\u00e4iuslik selgus ja kaitse teie klaasile<\/div>\n<div class=\"smania_landing_description_txt\">Parandada n\u00e4htavust ja ohutust maanteel<\/div>\n<div class=\"smania_landing_description_subtitle\">Kas teil on tegemist \u00f5liste plekkide ja t\u00fc\u00fctu klaasipuhasti m\u00fcraga oma akendel? Visiglass on uuenduslik puhastusvahend, mis on loodud klaasi selguse parandamiseks, eemaldades t\u00f5husalt \u00f5lised plekid ja klaasipuhasti j\u00e4ljed, luues samal ajal kaitsva kihi, mis t\u00f5rjub vett, vihma ja niiskust. Visiglassiga n\u00e4ete paremini, s\u00f5idate ohutumalt ja hoiate oma auto klaasid laitmatus korras.<\/div>\n<div class=\"smania_landing_description_list\">\n<ul>\n<li>Erakordne puhastusv\u00f5ime: eemaldab t\u00f5husalt \u00f5lised plekid, kleebised ja muud saasteained klaasilt<\/li>\n<li>Kaitsekiht: Tekitab h\u00fcdrofoobse pinna, mis t\u00f5rjub veetilku ja takistab niiskuse kogunemist<\/li>\n<li>Lihtne kasutada: Lihtsalt kanda otse klaasile v\u00f5i lisada klaasipuhastusvahendi hulka<\/li>\n<li>Pikaajaline kaitse: Hoiab \u00e4ra plekkide kordumise ja hoiab klaasi kauem puhtamana<\/li>\n<li>Ohutu klaasile: Ei kahjusta klaasi, tagades veatu ja kriimustusteta puhastamise<\/li>\n<\/ul><\/div>\n","protected":false},"excerpt":{"rendered":"<p>Parem n\u00e4htavus: Tagab selge n\u00e4htavuse l\u00e4bi klaasi, isegi vihma korral|Pikaajaline kaitse: H\u00fcdrofoobne kiht t\u00f5rjub vett, v\u00e4hendades vajadust sagedase p\u00fchkimise j\u00e4rele|Mitmek\u00fclgne kasutus: Sobib k\u00f5ikidele klaaspindadele, sealhulgas autoakendele|Kiiresti toimiv: Eemaldab koheselt kangekaelseid plekke ja taastab klaasi l\u00e4ike|Maht: 300 ml, piisav mitme rakenduse jaoks|Lihtne kasutada: Kandke otse v\u00f5i lahjendage klaasipuhastusvedelikus|H\u00fcdrofoobne kaitse: Hoiab vett ja niiskust t\u00f5rjudes klaasi kuivana ja puhtana|Ohutu klaasile: Ei sisalda kahjulikke kemikaale, mis v\u00f5iksid kahjustada klaasi pinda<\/p>\n","protected":false},"featured_media":30414,"template":"","meta":[],"product_cat":[1596,2107],"product_tag":[1696,2111,2109],"acf":[],"_links":{"self":[{"href":"https:\/\/smania.store\/ee\/wp-json\/wp\/v2\/product\/30422"}],"collection":[{"href":"https:\/\/smania.store\/ee\/wp-json\/wp\/v2\/product"}],"about":[{"href":"https:\/\/smania.store\/ee\/wp-json\/wp\/v2\/types\/product"}],"wp:featuredmedia":[{"embeddable":true,"href":"https:\/\/smania.store\/ee\/wp-json\/wp\/v2\/media\/30414"}],"wp:attachment":[{"href":"https:\/\/smania.store\/ee\/wp-json\/wp\/v2\/media?parent=30422"}],"wp:term":[{"taxonomy":"product_cat","embeddable":true,"href":"https:\/\/smania.store\/ee\/wp-json\/wp\/v2\/product_cat?post=30422"},{"taxonomy":"product_tag","embeddable":true,"href":"https:\/\/smania.store\/ee\/wp-json\/wp\/v2\/product_tag?post=30422"}],"curies":[{"name":"wp","href":"https:\/\/api.w.org\/{rel}","templated":true}]}}