{"id":30400,"date":"2025-04-10T12:59:00","date_gmt":"2025-04-10T10:59:00","guid":{"rendered":"https:\/\/smania.store\/ee\/toode\/kraapimiste-eemaldaja-nano-polish\/"},"modified":"2025-08-15T09:08:22","modified_gmt":"2025-08-15T07:08:22","slug":"kraapimiste-eemaldaja-nano-polish","status":"publish","type":"product","link":"https:\/\/smania.store\/ee\/toode\/kraapimiste-eemaldaja-nano-polish\/","title":{"rendered":"Kraapimiste eemaldaja Nano Polish"},"content":{"rendered":"<div class=\"smania_landing_description_title\">UUS! Nano Polish &#8211; muuta teie auto taas nagu uus<\/div>\n<div class=\"smania_landing_description_txt\">Eemaldage kriimustused vaevata imelise valemiga<\/div>\n<div class=\"smania_landing_description_subtitle\">Kas olete m\u00e4rganud oma autol kriimustusi, mis rikuvad selle v\u00e4limust? Nano Polish on siin, et aidata! See revolutsiooniline toode v\u00f5imaldab teil ise eemaldada kriimustused ja taastada teie auto s\u00e4ra. Ei ole vaja kallist visiiti autokoristusse &#8211; kandke lihtsalt Nano Polish&#8217;i ja vaadake, kuidas kriimustused sekunditega kaovad.<\/div>\n<div class=\"smania_landing_description_list\">\n<ul>\n<li>Kiire kriimustuste eemaldamine: Nano Polishiga eemaldate kriimustused sekunditega ja taastate oma auto l\u00e4ike<\/li>\n<li>Lihtne kasutada: Ei mingeid keerulisi protseduure &#8211; lihtsalt kandke ja p\u00fchkige<\/li>\n<li>Pikaajaline kaitse: P\u00e4rast kriimustuste eemaldamist kaitseb auto edasiste kahjustuste eest<\/li>\n<li>S\u00e4\u00e4stab aega ja raha: Unustage kallis remont &#8211; Nano Polish on kiire ja taskukohane lahendus<\/li>\n<li>Ohutu teie autole: Ei sisalda kahjulikke kemikaale, mis v\u00f5ivad kahjustada teie s\u00f5iduki kere<\/li>\n<\/ul><\/div>\n","protected":false},"excerpt":{"rendered":"<p>Kiire tegevus: Kriimustused eemaldatakse sekunditega ja teie auto s\u00e4rab j\u00e4lle nagu uus|Mugav ja t\u00f5hus: Ideaalne lahendus, kui teil ei ole aega v\u00f5i vahendeid, et minna t\u00f6\u00f6kotta|Pikaajaline kaitse: Mitte ainult taastab teie auto, vaid kaitseb seda ka tulevaste kahjustuste eest|Lihtne kasutada: M\u00f5eldud koduseks kasutamiseks, ei vaja spetsiaalseid t\u00f6\u00f6riistu|Maht: 30 ml, piisav mitme rakenduse jaoks|Mitmek\u00fclgsus: Sobib igat t\u00fc\u00fcpi autopindadele|Keskkonnas\u00f5bralik: Ei sisalda karmi kemikaale, ohutu koduseks kasutamiseks|K\u00f5rge t\u00f5husus: Garanteeritud tulemused, mis ei valmista teile pettumust<\/p>\n","protected":false},"featured_media":30390,"template":"","meta":[],"product_cat":[1596,2107],"product_tag":[1696,2111],"acf":[],"_links":{"self":[{"href":"https:\/\/smania.store\/ee\/wp-json\/wp\/v2\/product\/30400"}],"collection":[{"href":"https:\/\/smania.store\/ee\/wp-json\/wp\/v2\/product"}],"about":[{"href":"https:\/\/smania.store\/ee\/wp-json\/wp\/v2\/types\/product"}],"wp:featuredmedia":[{"embeddable":true,"href":"https:\/\/smania.store\/ee\/wp-json\/wp\/v2\/media\/30390"}],"wp:attachment":[{"href":"https:\/\/smania.store\/ee\/wp-json\/wp\/v2\/media?parent=30400"}],"wp:term":[{"taxonomy":"product_cat","embeddable":true,"href":"https:\/\/smania.store\/ee\/wp-json\/wp\/v2\/product_cat?post=30400"},{"taxonomy":"product_tag","embeddable":true,"href":"https:\/\/smania.store\/ee\/wp-json\/wp\/v2\/product_tag?post=30400"}],"curies":[{"name":"wp","href":"https:\/\/api.w.org\/{rel}","templated":true}]}}