{"id":30339,"date":"2025-04-10T12:44:20","date_gmt":"2025-04-10T10:44:20","guid":{"rendered":"https:\/\/smania.store\/ee\/toode\/korglaikega-remondi-ja-viimistluslahus-autogloss\/"},"modified":"2025-06-10T13:06:32","modified_gmt":"2025-06-10T11:06:32","slug":"korglaikega-remondi-ja-viimistluslahus-autogloss","status":"publish","type":"product","link":"https:\/\/smania.store\/ee\/toode\/korglaikega-remondi-ja-viimistluslahus-autogloss\/","title":{"rendered":"K\u00f5rgl\u00e4ikega remondi- ja viimistluslahus AutoGloss"},"content":{"rendered":"<div class=\"smania_landing_description_title\">UUS! AutoGloss &#8211; k\u00f5rgl\u00e4ikega remondi- ja viimistluslahus<\/div>\n<div class=\"smania_landing_description_txt\">Uuenduslik 3-in-1 koostis t\u00e4idab kriimustused ja ebat\u00e4iused!<\/div>\n<div class=\"smania_landing_description_subtitle\">AutoGloss on t\u00e4iuslik 3-in-1 lahendus teie s\u00f5idukile! See suure j\u00f5udlusega isetasanduv kaitsekate mitte ainult ei paranda pinna puudusi, vaid tagab ka k\u00f5rgl\u00e4ikega viimistluse ja pikaajalise kaitse! \ud83d\ude97\u2728<\/div>\n<div class=\"smania_landing_description_list\">\n<ul>\n<li>Tasandab ja t\u00e4idab pinna ebat\u00e4iuslikkused h\u00f5lpsasti<\/li>\n<li>R\u00f5hutab v\u00e4rvi s\u00fcgavust ja rikkalikkust<\/li>\n<li>Pakub UV-kaitset ja takistab roostetamist<\/li>\n<li>Kiire ja t\u00f5hus lahendus auto veatu v\u00e4limuse taastamiseks<\/li>\n<li>Ei n\u00f5ua professionaalset hooldust<\/li>\n<\/ul><\/div>\n","protected":false},"excerpt":{"rendered":"<p>Vastupidav kate, mis kaitseb teie autot UV-kiirguse ja rooste eest|Taastab teie s\u00f5iduki v\u00e4rvi s\u00e4ra ja rikkalikkuse|Silub ja t\u00e4idab pinnakriimustused ja ebatasasused|Pikaajaline m\u00f5ju|Lihtne kasutada: kandke k\u00e4snaga s\u00f5iduki pinnale|Maht: 150 ml|S\u00e4ilivusaeg: 3 aastat<\/p>\n","protected":false},"featured_media":30863,"template":"","meta":[],"product_cat":[1596,2107],"product_tag":[1696,2111,2109],"acf":[],"_links":{"self":[{"href":"https:\/\/smania.store\/ee\/wp-json\/wp\/v2\/product\/30339"}],"collection":[{"href":"https:\/\/smania.store\/ee\/wp-json\/wp\/v2\/product"}],"about":[{"href":"https:\/\/smania.store\/ee\/wp-json\/wp\/v2\/types\/product"}],"wp:featuredmedia":[{"embeddable":true,"href":"https:\/\/smania.store\/ee\/wp-json\/wp\/v2\/media\/30863"}],"wp:attachment":[{"href":"https:\/\/smania.store\/ee\/wp-json\/wp\/v2\/media?parent=30339"}],"wp:term":[{"taxonomy":"product_cat","embeddable":true,"href":"https:\/\/smania.store\/ee\/wp-json\/wp\/v2\/product_cat?post=30339"},{"taxonomy":"product_tag","embeddable":true,"href":"https:\/\/smania.store\/ee\/wp-json\/wp\/v2\/product_tag?post=30339"}],"curies":[{"name":"wp","href":"https:\/\/api.w.org\/{rel}","templated":true}]}}