{"id":30327,"date":"2025-04-10T12:43:03","date_gmt":"2025-04-10T10:43:03","guid":{"rendered":"https:\/\/smania.store\/ee\/toode\/paindlik-poluuurea-vuukimise-hermeetik-groutpro-1-kg\/"},"modified":"2025-08-31T10:00:29","modified_gmt":"2025-08-31T08:00:29","slug":"paindlik-poluuurea-vuukimise-hermeetik-groutpro-1-kg","status":"publish","type":"product","link":"https:\/\/smania.store\/ee\/toode\/paindlik-poluuurea-vuukimise-hermeetik-groutpro-1-kg\/","title":{"rendered":"Paindlik pol\u00fcuurea vuukimise hermeetik GroutPro\u2122 (1 kg)"},"content":{"rendered":"<div class=\"smania_landing_description_title\">H\u00e4mmastav uuendus! Ideaalne hermeetik seinte ja vuukide jaoks!<\/div>\n<div class=\"smania_landing_description_txt\">Tihendage praod vastupidava ja painduva hermeetikuga lihtsalt minutitega!<\/div>\n<div class=\"smania_landing_description_subtitle\">Unustage lekked ja praod! Meie GroutPro\u2122 hermeetikuga lahendate kiiresti k\u00f5ik pragunenud seinte, vuukide ja leketega seotud probleemid. See revolutsiooniline pol\u00fcuurea pol\u00fcmeerhermeetik pakub veekindlat kaitset ja t\u00f6\u00f6kindlust aastateks. \u00c4ra oota, tee oma kodu lekkekindlaks!<\/div>\n<div class=\"smania_landing_description_list\">\n<ul>\n<li>Kasutatakse pragude ja paisumisvuukide tihendamiseks<\/li>\n<li>Kohene ja kauakestev tihendus<\/li>\n<li>Veekindel ja ilmastikukindel<\/li>\n<li>Lihtne peale kanda, ei vaja asjatundjat<\/li>\n<li>Sobib kasutamiseks sise- ja v\u00e4listingimustes<\/li>\n<li>V\u00e4ga elastne ja vastupidav<\/li>\n<\/ul><\/div>\n","protected":false},"excerpt":{"rendered":"<p>Vastupidav \u00e4\u00e4rmuslikele temperatuuridele|Survekindel, ei deformeeru ega pragune|Veekindel ja ilmastikukindel|Ohutu kasutada k\u00f5ikidel pindadel|Kaitse niiskuse ja hallituse eest|Vananemisvastane ja \u00fclielastne valem|Mittetoksiline, l\u00f5hnatu ja ohutu nii inimestele kui ka lemmikloomadele|K\u00f5rge efektiivsus ja t\u00f6\u00f6kindlus pikaajaliseks remondiks|Ideaalne professionaalseks ja koduseks kasutamiseks|Ideaalne remondiks ja renoveerimiseks|Kiire tardumine, ei kahane|Sobib kuivadele rakendustele|Ohutu ja kahjutu|Sisu: 1 kg (piisab 1 kuni 2 m2 jaoks, s\u00f5ltuvalt kihi paksusest, laiusest ja pragude s\u00fcgavusest)<\/p>\n","protected":false},"featured_media":30315,"template":"","meta":[],"product_cat":[1594,2107],"product_tag":[1681,2108],"acf":[],"_links":{"self":[{"href":"https:\/\/smania.store\/ee\/wp-json\/wp\/v2\/product\/30327"}],"collection":[{"href":"https:\/\/smania.store\/ee\/wp-json\/wp\/v2\/product"}],"about":[{"href":"https:\/\/smania.store\/ee\/wp-json\/wp\/v2\/types\/product"}],"wp:featuredmedia":[{"embeddable":true,"href":"https:\/\/smania.store\/ee\/wp-json\/wp\/v2\/media\/30315"}],"wp:attachment":[{"href":"https:\/\/smania.store\/ee\/wp-json\/wp\/v2\/media?parent=30327"}],"wp:term":[{"taxonomy":"product_cat","embeddable":true,"href":"https:\/\/smania.store\/ee\/wp-json\/wp\/v2\/product_cat?post=30327"},{"taxonomy":"product_tag","embeddable":true,"href":"https:\/\/smania.store\/ee\/wp-json\/wp\/v2\/product_tag?post=30327"}],"curies":[{"name":"wp","href":"https:\/\/api.w.org\/{rel}","templated":true}]}}