{"id":30298,"date":"2025-04-10T12:35:36","date_gmt":"2025-04-10T10:35:36","guid":{"rendered":"https:\/\/smania.store\/ee\/toode\/hudrofoobne-tuuleklaasivedelik-visionguard\/"},"modified":"2025-04-10T12:35:36","modified_gmt":"2025-04-10T10:35:36","slug":"hudrofoobne-tuuleklaasivedelik-visionguard","status":"publish","type":"product","link":"https:\/\/smania.store\/ee\/toode\/hudrofoobne-tuuleklaasivedelik-visionguard\/","title":{"rendered":"H\u00fcdrofoobne tuuleklaasivedelik VisionGuard\u2122"},"content":{"rendered":"<div class=\"smania_landing_description_title\">UUS! Igak\u00fclgne kaitse teie klaasile<\/div>\n<div class=\"smania_landing_description_txt\">Ideaalne n\u00e4htavus ka vihma ja udu ajal!<\/div>\n<div class=\"smania_landing_description_subtitle\">Tagada t\u00e4iuslik n\u00e4htavus teel! VisionGuard\u2122 loob klaasile kaitsekihi, mis t\u00f5rjub vihma, mustust, tolmu, udu ja vedelikke. Seda on lihtne peale kanda, p\u00fcsib n\u00e4dalaid ja talub -25\u00b0C. Tagada oma s\u00f5iduohutus juba t\u00e4na!<\/div>\n<div class=\"smania_landing_description_list\">\n<ul>\n<li>Pakub selget vaadet l\u00e4bi klaasi<\/li>\n<li>Loob kauakestva kaitsekihi<\/li>\n<li>T\u00f5rjub t\u00f5husalt vett (vihm, udu) ja mustust<\/li>\n<li>Ideaalne kerele ja klaasile<\/li>\n<li>Vastupidav kuni -25\u00b0C temperatuuridele<\/li>\n<li>Ohutu ja lihtne kasutada, ei sisalda kahjulikke kemikaale<\/li>\n<\/ul><\/div>\n","protected":false},"excerpt":{"rendered":"<p>Optimaalne n\u00e4htavus k\u00f5ikides tingimustes|Suurenenud ohutus s\u00f5idu ajal|Lihtne kasutada: kandke otse v\u00f5i lahjendage puhastusvedelikuga|Vastupidav madalatele temperatuuridele|Akende ja kere kaitse, mis kestab n\u00e4dalaid|Eemaldab t\u00f5rksamad plekid ja taastab klaasi l\u00e4ike|Ei \u00e4rrita nahka|See t\u00f5rjub vihma, tolmu ja mustust|Ideaalne igal aastaajal|Maht: 1 L \u2013 piisav mitmeks rakenduseks<\/p>\n","protected":false},"featured_media":30290,"template":"","meta":[],"product_cat":[1596,2107],"product_tag":[1696,2111,2109],"acf":[],"_links":{"self":[{"href":"https:\/\/smania.store\/ee\/wp-json\/wp\/v2\/product\/30298"}],"collection":[{"href":"https:\/\/smania.store\/ee\/wp-json\/wp\/v2\/product"}],"about":[{"href":"https:\/\/smania.store\/ee\/wp-json\/wp\/v2\/types\/product"}],"wp:featuredmedia":[{"embeddable":true,"href":"https:\/\/smania.store\/ee\/wp-json\/wp\/v2\/media\/30290"}],"wp:attachment":[{"href":"https:\/\/smania.store\/ee\/wp-json\/wp\/v2\/media?parent=30298"}],"wp:term":[{"taxonomy":"product_cat","embeddable":true,"href":"https:\/\/smania.store\/ee\/wp-json\/wp\/v2\/product_cat?post=30298"},{"taxonomy":"product_tag","embeddable":true,"href":"https:\/\/smania.store\/ee\/wp-json\/wp\/v2\/product_tag?post=30298"}],"curies":[{"name":"wp","href":"https:\/\/api.w.org\/{rel}","templated":true}]}}