{"id":30263,"date":"2025-04-10T12:33:28","date_gmt":"2025-04-10T10:33:28","guid":{"rendered":"https:\/\/smania.store\/ee\/toode\/hallituse-eemaldamise-geel-banishmold-100-ml\/"},"modified":"2025-08-06T10:42:06","modified_gmt":"2025-08-06T08:42:06","slug":"hallituse-eemaldamise-geel-banishmold-100-ml","status":"publish","type":"product","link":"https:\/\/smania.store\/ee\/toode\/hallituse-eemaldamise-geel-banishmold-100-ml\/","title":{"rendered":"Hallituse eemaldamise geel BanishMold\u2122 (100 ml)"},"content":{"rendered":"<div class=\"smania_landing_description_title\">UUS: vabaneda m\u00e4\u00e4rdunud \u00f5mblustest ja p\u00fcsivast hallitusest<\/div>\n<div class=\"smania_landing_description_txt\">H\u00fcvasti pesemisega ja kahjulike kemikaalidega<\/div>\n<div class=\"smania_landing_description_subtitle\">BanishMold\u2122 on loodud nii, et see on t\u00f5hus, ohutu ja lihtne kasutada, nii et saate oma ruumides taastada puhtuse ja v\u00e4rskuse minimaalse vaevaga.<\/div>\n<div class=\"smania_landing_description_list\">\n<ul>\n<li>J\u00e4\u00e4tmeteta, lahustab hallituseplekid kiiresti<\/li>\n<li>Tungib s\u00fcgavale vuugisegude ja plaatide nurkadesse, sihtides t\u00f5husalt hallitust<\/li>\n<li>Eemaldab plekid ja takistab nende edasist kasvu<\/li>\n<li>Sobib ideaalselt vannitubadesse, k\u00f6\u00f6kidesse, plaatidesse, pesumasinatesse, k\u00fclmkappidesse, du\u0161\u0161idesse, valamudesse ja tihendustesse<\/li>\n<li>Hoiab teie kodu kauem hallitusvabana, et tagada tervislikum keskkond<\/li>\n<\/ul><\/div>\n","protected":false},"excerpt":{"rendered":"<p>Lihtsalt kanna peale, oota ja vaata, kuidas plekid kaovad|Eemaldab kergesti ja t\u00f5husalt kangekaelse hallituse ja plekid|Eemaldab plekid ilma karmi k\u00fc\u00fcrimiseta|Ei sisalda kahjulikke kemikaale, mist\u00f5ttu sobib kodudele ja peredele|Hoiab \u00e4ra hallituse taastumise|Tagab v\u00e4rskema ja tervislikuma keskkonna|Sobib ideaalselt vannitubadesse, k\u00f6\u00f6kidesse ja muudesse m\u00e4rgadesse ruumidesse|Taastab puhtuse plaatidele, vuukidele, n\u00f5udepesumasinatele ja muuleki|Lihtne kanda \u00f5mblustesse ja kitsastesse nurkadesse|Sisu: 100 ml<\/p>\n","protected":false},"featured_media":30264,"template":"","meta":[],"product_cat":[1594,2107],"product_tag":[2109,1647],"acf":[],"_links":{"self":[{"href":"https:\/\/smania.store\/ee\/wp-json\/wp\/v2\/product\/30263"}],"collection":[{"href":"https:\/\/smania.store\/ee\/wp-json\/wp\/v2\/product"}],"about":[{"href":"https:\/\/smania.store\/ee\/wp-json\/wp\/v2\/types\/product"}],"wp:featuredmedia":[{"embeddable":true,"href":"https:\/\/smania.store\/ee\/wp-json\/wp\/v2\/media\/30264"}],"wp:attachment":[{"href":"https:\/\/smania.store\/ee\/wp-json\/wp\/v2\/media?parent=30263"}],"wp:term":[{"taxonomy":"product_cat","embeddable":true,"href":"https:\/\/smania.store\/ee\/wp-json\/wp\/v2\/product_cat?post=30263"},{"taxonomy":"product_tag","embeddable":true,"href":"https:\/\/smania.store\/ee\/wp-json\/wp\/v2\/product_tag?post=30263"}],"curies":[{"name":"wp","href":"https:\/\/api.w.org\/{rel}","templated":true}]}}