{"id":30243,"date":"2025-04-10T12:29:35","date_gmt":"2025-04-10T10:29:35","guid":{"rendered":"https:\/\/smania.store\/ee\/toode\/universaalne-rasvaeemaldaja-greaseoff-500-ml\/"},"modified":"2025-04-10T12:29:35","modified_gmt":"2025-04-10T10:29:35","slug":"universaalne-rasvaeemaldaja-greaseoff-500-ml","status":"publish","type":"product","link":"https:\/\/smania.store\/ee\/toode\/universaalne-rasvaeemaldaja-greaseoff-500-ml\/","title":{"rendered":"Universaalne rasvaeemaldaja GreaseOFF\u2122 (500 ml)"},"content":{"rendered":"<div class=\"smania_landing_description_title\">UUS FORMULA: GreaseOFF\u2122 &#8211; lagundab rasva molekulaarsel tasandil<\/div>\n<div class=\"smania_landing_description_txt\">H\u00fcvasti kangekaelne rasv ja mustus!<\/div>\n<div class=\"smania_landing_description_subtitle\">H\u00fcvasti kangekaelne rasv ja mustus! GreaseOFF\u2122-i t\u00e4iustatud koostis tungib s\u00fcgavale rasva sisse, l\u00f5hustades seda molekulaarsel tasandil, et tagada plekita, j\u00e4\u00e4givaba viimistlus igal pinnal.<\/div>\n<div class=\"smania_landing_description_list\">\n<ul>\n<li>L\u00f5ikab l\u00e4bi kogunenud rasvakihtide<\/li>\n<li>Tagab plekita, j\u00e4\u00e4givaba viimistluse igal pinnal<\/li>\n<li>Ohutu, kiire ja lihtne kasutada<\/li>\n<li>Sobib pliidiplaatidele, ahjudele, grillidele, automootoritele, jalgrattakettidele ja mujale<\/li>\n<li>Sobib ideaalselt nii koduseks kui ka professionaalseks kasutamiseks<\/li>\n<\/ul><\/div>\n","protected":false},"excerpt":{"rendered":"<p>M\u00f5eldud k\u00f5va k\u00f6\u00f6girasva, mustuse ja k\u00fcpsetatud toidu eemaldamiseks|Suur tungimisv\u00f5ime, mis ulatub ka raskesti ligip\u00e4\u00e4setavatesse piirkondadesse|Lihtne peale kanda ja levitada, tagades, et iga nurk on p\u00f5hjalikult puhastatud|Lihtne kasutada: pihustada otse kahjustatud piirkonnale, oodata m\u00f5ni hetk ja seej\u00e4rel p\u00fchkida puhtaks|Kasutage pliidiplaatidel, ahjudel, mikrolaudadel, plaatidel, t\u00f6\u00f6pindadel, grillidel, automootoritel, jalgrattakettidel ja isegi t\u00f6\u00f6stuslikel masinatel|Sisu: 500 ml<\/p>\n","protected":false},"featured_media":30234,"template":"","meta":[],"product_cat":[1594,2107],"product_tag":[1931,2109,1647],"acf":[],"_links":{"self":[{"href":"https:\/\/smania.store\/ee\/wp-json\/wp\/v2\/product\/30243"}],"collection":[{"href":"https:\/\/smania.store\/ee\/wp-json\/wp\/v2\/product"}],"about":[{"href":"https:\/\/smania.store\/ee\/wp-json\/wp\/v2\/types\/product"}],"wp:featuredmedia":[{"embeddable":true,"href":"https:\/\/smania.store\/ee\/wp-json\/wp\/v2\/media\/30234"}],"wp:attachment":[{"href":"https:\/\/smania.store\/ee\/wp-json\/wp\/v2\/media?parent=30243"}],"wp:term":[{"taxonomy":"product_cat","embeddable":true,"href":"https:\/\/smania.store\/ee\/wp-json\/wp\/v2\/product_cat?post=30243"},{"taxonomy":"product_tag","embeddable":true,"href":"https:\/\/smania.store\/ee\/wp-json\/wp\/v2\/product_tag?post=30243"}],"curies":[{"name":"wp","href":"https:\/\/api.w.org\/{rel}","templated":true}]}}