{"id":30200,"date":"2025-04-10T11:47:30","date_gmt":"2025-04-10T09:47:30","guid":{"rendered":"https:\/\/smania.store\/ee\/toode\/akruulpoluuretaanist-veekindel-kattekiht-aquacoatz-1-kg\/"},"modified":"2025-11-18T09:43:53","modified_gmt":"2025-11-18T08:43:53","slug":"akruulpoluuretaanist-veekindel-kattekiht-aquacoatz-1-kg","status":"publish","type":"product","link":"https:\/\/smania.store\/ee\/toode\/akruulpoluuretaanist-veekindel-kattekiht-aquacoatz-1-kg\/","title":{"rendered":"Akr\u00fc\u00fclpol\u00fcuretaanist veekindel kattekiht AquaCoatz\u2122 (1 kg)"},"content":{"rendered":"<div class=\"smania_landing_description_title\">UUS! Tihendab ja kaitseb<\/div>\n<div class=\"smania_landing_description_txt\">Kaitske oma katuseid, seinu ja p\u00f5randaid vee sissetungi eest aastak\u00fcmneid!<\/div>\n<div class=\"smania_landing_description_subtitle\">AquaCoatz\u2122, vedel pol\u00fcuretaanist veekindel kate, tagab teie katuse ohutuse k\u00f5ikidel aastaaegadel, erinevates ilmastikutingimustes ja \u00e4\u00e4rmuslikel temperatuuridel. Unustage vee lekkimine ja nautige veekindla kaitse meelerahu.<\/div>\n<div class=\"smania_landing_description_list\">\n<ul>\n<li>Sertifitseeritud veekindel kaitse katustele, p\u00f5randatele ja seintele<\/li>\n<li>Saab kanda pintsli, v\u00e4rvirulli v\u00f5i pihustusseadmetega<\/li>\n<li>Suurep\u00e4rane paindlikkus, mis sobib k\u00f5ikide temperatuuride puhul<\/li>\n<li>Vananemisvastane koostis tagab erakordse vastupidavuse<\/li>\n<li>Sobib metalli-, betoon- ja asfaldipindadega<\/li>\n<li>Ohutu ja keskkonnas\u00f5bralik koostis<\/li>\n<li>1 kg katab kuni 2 m2<\/li>\n<\/ul><\/div>\n","protected":false},"excerpt":{"rendered":"<p>Pikaajaline veekindlus|Lihtsalt pealekantav isetasanduv veekindel kate|\u00c4\u00e4rmuslik temperatuurikindlus -40 kuni +80\u00b0C|Suurep\u00e4rane UV- ja ilmastikukindlus|Vastupidav ja tugev haardumine tahkete pindade k\u00fclge|K\u00f5rge elastsus, ei pragune ega deformeeru|Katvus: 2 m2 1 kg toote kohta|Kasutamine: pintsel, v\u00e4rvirull, pihusti|Kasutatav materjal: metall, betoon, asfalt|V\u00e4rvus: hall|Sisaldus: 1 kg|S\u00e4ilivusaeg: 12 kuud<\/p>\n","protected":false},"featured_media":30223,"template":"","meta":[],"product_cat":[1594,2107],"product_tag":[1681,2108,1931],"acf":[],"_links":{"self":[{"href":"https:\/\/smania.store\/ee\/wp-json\/wp\/v2\/product\/30200"}],"collection":[{"href":"https:\/\/smania.store\/ee\/wp-json\/wp\/v2\/product"}],"about":[{"href":"https:\/\/smania.store\/ee\/wp-json\/wp\/v2\/types\/product"}],"wp:featuredmedia":[{"embeddable":true,"href":"https:\/\/smania.store\/ee\/wp-json\/wp\/v2\/media\/30223"}],"wp:attachment":[{"href":"https:\/\/smania.store\/ee\/wp-json\/wp\/v2\/media?parent=30200"}],"wp:term":[{"taxonomy":"product_cat","embeddable":true,"href":"https:\/\/smania.store\/ee\/wp-json\/wp\/v2\/product_cat?post=30200"},{"taxonomy":"product_tag","embeddable":true,"href":"https:\/\/smania.store\/ee\/wp-json\/wp\/v2\/product_tag?post=30200"}],"curies":[{"name":"wp","href":"https:\/\/api.w.org\/{rel}","templated":true}]}}