{"id":30170,"date":"2025-04-10T11:34:51","date_gmt":"2025-04-10T09:34:51","guid":{"rendered":"https:\/\/smania.store\/ee\/toode\/liivakinnitusvahend-sandbind-1-l\/"},"modified":"2025-08-01T08:59:54","modified_gmt":"2025-08-01T06:59:54","slug":"liivakinnitusvahend-sandbind-1-l","status":"publish","type":"product","link":"https:\/\/smania.store\/ee\/toode\/liivakinnitusvahend-sandbind-1-l\/","title":{"rendered":"Liivakinnitusvahend SANDBIND\u2122 (1 L)"},"content":{"rendered":"<div class=\"smania_landing_description_title\">UUS! Parandage ohtlikud teekatused hetkega<\/div>\n<div class=\"smania_landing_description_txt\">V\u00f5imas sideaine p\u00f5randatele ja seintele ning kauakestev remont!<\/div>\n<div class=\"smania_landing_description_subtitle\">Avastage pikaajalise tihenduslahenduse saladus! H\u00fcvasti ohtlike aukude ja murenevate m\u00fc\u00fcridega, kasutades SANDBIND\u2122 puhast liivap\u00f5hist liimiliimi teede ja m\u00fc\u00fcride parandamiseks. Kiire ja lihtne lahendus, mis v\u00e4listab kuluka remondi ohu. Kas olete valmis kaitsma oma kodu ja \u00f5ueala lihtsalt, kiiresti ja t\u00f5husalt? Juba esimestest kasutuskordadest alates m\u00e4rkate SANDBIND\u2122-i v\u00f5imsust!<\/div>\n<div class=\"smania_landing_description_list\">\n<ul>\n<li>Ekstreemne liimimisv\u00f5ime pikaajalise remondi jaoks<\/li>\n<li>Lihtne ja kuluefektiivne lahendus aukude parandamiseks<\/li>\n<li>Pikendab seinte ja teede kasutusiga<\/li>\n<li>Vastupidav veele ja niiskusele<\/li>\n<li>Vastupidav UV-kiirgusele ja \u00e4\u00e4rmuslikele temperatuuridele<\/li>\n<li>Turvaline kasutada, keskkonnas\u00f5bralik koostis<\/li>\n<\/ul><\/div>\n","protected":false},"excerpt":{"rendered":"<p>Kiire, lihtne ja odav teede ja m\u00fc\u00fcride remont|Lihtne kasutada isegi algajatele|\u00dclimalt tugev haarduvus tagab kestva pragude parandamise|Vastupidav veele ja niiskusele|Vastupidav UV-kiirgusele ja \u00e4\u00e4rmuslikele temperatuuridele|Kiire ja t\u00f5hus liiva l\u00e4bitungimine|Loob pol\u00fcmeerikihi, mis tihendab pragusid|Net: 1 L|Katvus: kuni 4 ruutmeetrit|Kasutusalad: p\u00f5randad, seinad|Sobivad materjalid: liiv, kivid|Keskkonnas\u00f5bralik veep\u00f5hine koostis|S\u00e4ilitatav toatemperatuuril (5-35\u00b0C)|S\u00e4ilivusaeg: 12 kuud<\/p>\n","protected":false},"featured_media":30214,"template":"","meta":[],"product_cat":[1594,2107],"product_tag":[1681,2108],"acf":[],"_links":{"self":[{"href":"https:\/\/smania.store\/ee\/wp-json\/wp\/v2\/product\/30170"}],"collection":[{"href":"https:\/\/smania.store\/ee\/wp-json\/wp\/v2\/product"}],"about":[{"href":"https:\/\/smania.store\/ee\/wp-json\/wp\/v2\/types\/product"}],"wp:featuredmedia":[{"embeddable":true,"href":"https:\/\/smania.store\/ee\/wp-json\/wp\/v2\/media\/30214"}],"wp:attachment":[{"href":"https:\/\/smania.store\/ee\/wp-json\/wp\/v2\/media?parent=30170"}],"wp:term":[{"taxonomy":"product_cat","embeddable":true,"href":"https:\/\/smania.store\/ee\/wp-json\/wp\/v2\/product_cat?post=30170"},{"taxonomy":"product_tag","embeddable":true,"href":"https:\/\/smania.store\/ee\/wp-json\/wp\/v2\/product_tag?post=30170"}],"curies":[{"name":"wp","href":"https:\/\/api.w.org\/{rel}","templated":true}]}}