{"id":30061,"date":"2025-03-24T13:43:40","date_gmt":"2025-03-24T12:43:40","guid":{"rendered":"https:\/\/smania.store\/ee\/toode\/pikendatav-koogiriiul-magicrack\/"},"modified":"2025-08-08T09:08:17","modified_gmt":"2025-08-08T07:08:17","slug":"pikendatav-koogiriiul-magicrack","status":"publish","type":"product","link":"https:\/\/smania.store\/ee\/toode\/pikendatav-koogiriiul-magicrack\/","title":{"rendered":"Pikendatav k\u00f6\u00f6giriiul MagicRack\u2122"},"content":{"rendered":"<div class=\"smania_landing_description_title\">UUS! Maksimeerige oma k\u00f6\u00f6gi hoiuruumi<\/div>\n<div class=\"smania_landing_description_txt\">Korrastatud ja korraliku k\u00f6\u00f6gi eest!<\/div>\n<div class=\"smania_landing_description_subtitle\">Avasta MagicRack\u2122 \u2013 pikendatav riiul teie mikrolaineahjule ja k\u00f6\u00f6giriistadele, mis muudab teie k\u00f6\u00f6gi organiseeritud, korralikumaks ja avaramaks. MagicRack\u2122-i hoiuriiul, mis sobib ideaalselt v\u00e4ikestesse ruumidesse, aitab hoiuruumi korrastada ja maksimeerida. Telli kohe ja muuda k\u00f6\u00f6gikaos korda!<\/div>\n<div class=\"smania_landing_description_list\">\n<ul>\n<li>T\u00e4iendav panipaik teie k\u00f6\u00f6gis<\/li>\n<li>Reguleeritav laius 40-60 cm<\/li>\n<li>Stabiilne ja vastupidav, talub kuni 30 kg<\/li>\n<li>Lihtne kokkupanek ilma t\u00f6\u00f6riistadeta<\/li>\n<li>Kaasas 6 praktilist riputuskonksu<\/li>\n<li>Ideaalne v\u00e4ikeste k\u00f6\u00f6kide korraldamiseks<\/li>\n<\/ul><\/div>\n","protected":false},"excerpt":{"rendered":"<p>Aitab korrastada ja maksimeerida salvestusruumi|Mahutab mitu eset korraga|Pakub rohkem hoiuruumi v\u00e4ikeses k\u00f6\u00f6gis v\u00f5i m\u00f5nes muus ruumis|Lihtne puhastada|Reguleeritav riiuli k\u00f5rgus ja pikendatav laius|Tugev raudkonstruktsioon|Komplekt sisaldab 6 riputuskonksu|M\u00f5\u00f5dud: 46 cm (k\u00f5rgus) x 40\u201360 cm (laius) x 36 cm (s\u00fcgavus)|Kandev\u00f5ime: max 30 kg|Materjal: raud, pol\u00fcprop\u00fcleen<\/p>\n","protected":false},"featured_media":30076,"template":"","meta":[],"product_cat":[1594,1602],"product_tag":[],"acf":[],"_links":{"self":[{"href":"https:\/\/smania.store\/ee\/wp-json\/wp\/v2\/product\/30061"}],"collection":[{"href":"https:\/\/smania.store\/ee\/wp-json\/wp\/v2\/product"}],"about":[{"href":"https:\/\/smania.store\/ee\/wp-json\/wp\/v2\/types\/product"}],"wp:featuredmedia":[{"embeddable":true,"href":"https:\/\/smania.store\/ee\/wp-json\/wp\/v2\/media\/30076"}],"wp:attachment":[{"href":"https:\/\/smania.store\/ee\/wp-json\/wp\/v2\/media?parent=30061"}],"wp:term":[{"taxonomy":"product_cat","embeddable":true,"href":"https:\/\/smania.store\/ee\/wp-json\/wp\/v2\/product_cat?post=30061"},{"taxonomy":"product_tag","embeddable":true,"href":"https:\/\/smania.store\/ee\/wp-json\/wp\/v2\/product_tag?post=30061"}],"curies":[{"name":"wp","href":"https:\/\/api.w.org\/{rel}","templated":true}]}}