{"id":30040,"date":"2025-03-17T05:48:18","date_gmt":"2025-03-17T04:48:18","guid":{"rendered":"https:\/\/smania.store\/ee\/toode\/akvaariumi-puhastusvahend-algacure\/"},"modified":"2025-10-23T06:34:17","modified_gmt":"2025-10-23T04:34:17","slug":"akvaariumi-puhastusvahend-algacure","status":"publish","type":"product","link":"https:\/\/smania.store\/ee\/toode\/akvaariumi-puhastusvahend-algacure\/","title":{"rendered":"Akvaariumi puhastusvahend AlgaCure (70 g)"},"content":{"rendered":"<div class=\"smania_landing_description_title\">Uus! AlgaCure &#8211; t\u00f5hus lahendus vetikate ja mustuse vastu<\/div>\n<div class=\"smania_landing_description_txt\">Hoidke oma akvaarium l\u00e4ikivana, v\u00e4rskena ja l\u00f5hnavabalt!<\/div>\n<div class=\"smania_landing_description_subtitle\">Olete v\u00e4sinud h\u00e4gusest veest, kangekaelsetest vetikatest ja ebameeldivatest l\u00f5hnadest oma akvaariumis? AlgaCure&#8217;i abil saate nautida s\u00e4ravalt puhast, tervislikku ja tasakaalustatud veekeskkonda &#8211; ilma l\u00f5putu pesemise v\u00f5i veevahetusteta.<\/div>\n<div class=\"smania_landing_description_list\">\n<ul>\n<li>Eemaldab vetikad ja orgaanilised kogunemised &#8211; lagundab liigseid vetikaid, surnud taimi ja prahti loomulikul teel<\/li>\n<li>Neutraliseerib halvad l\u00f5hnad &#8211; j\u00e4tab teie akvaariumi v\u00e4rskeks, puhtaks ja kristallselgeks<\/li>\n<li>S\u00e4ilitab tervisliku tasakaalu &#8211; toetab loomulikku mikroobide harmooniat, et hoida akvaariumi stabiilsena ja hooldusvabana<\/li>\n<li>Ei vaja enam k\u00e4sitsi puhastada &#8211; lihtsalt lisage seda vette ja laske valemil teha oma t\u00f6\u00f6<\/li>\n<li>T\u00f5stab kalade tervist &#8211; puhtam vesi t\u00e4hendab \u00f5nnelikumaid ja aktiivsemaid kalu<\/li>\n<\/ul><\/div>\n","protected":false},"excerpt":{"rendered":"<p>Ei vaja k\u00e4sitsi puhastamist|Hoiab akvaariumi tervisliku tasakaalu stabiilsena|T\u00e4iustatud bioloogiline valem|Valmistatud ohututest ja mittetoksilistest \u00fchenditest|Ohutu veeorganismidele ja taimedele|Sisu: 70 g<\/p>\n","protected":false},"featured_media":31735,"template":"","meta":[],"product_cat":[1594,1597],"product_tag":[],"acf":[],"_links":{"self":[{"href":"https:\/\/smania.store\/ee\/wp-json\/wp\/v2\/product\/30040"}],"collection":[{"href":"https:\/\/smania.store\/ee\/wp-json\/wp\/v2\/product"}],"about":[{"href":"https:\/\/smania.store\/ee\/wp-json\/wp\/v2\/types\/product"}],"wp:featuredmedia":[{"embeddable":true,"href":"https:\/\/smania.store\/ee\/wp-json\/wp\/v2\/media\/31735"}],"wp:attachment":[{"href":"https:\/\/smania.store\/ee\/wp-json\/wp\/v2\/media?parent=30040"}],"wp:term":[{"taxonomy":"product_cat","embeddable":true,"href":"https:\/\/smania.store\/ee\/wp-json\/wp\/v2\/product_cat?post=30040"},{"taxonomy":"product_tag","embeddable":true,"href":"https:\/\/smania.store\/ee\/wp-json\/wp\/v2\/product_tag?post=30040"}],"curies":[{"name":"wp","href":"https:\/\/api.w.org\/{rel}","templated":true}]}}