{"id":30031,"date":"2025-03-14T10:13:12","date_gmt":"2025-03-14T09:13:12","guid":{"rendered":"https:\/\/smania.store\/ee\/toode\/reguleeritav-ja-hingav-voodi-seljatugi-bedlift\/"},"modified":"2025-11-25T15:16:01","modified_gmt":"2025-11-25T14:16:01","slug":"reguleeritav-ja-hingav-voodi-seljatugi-bedlift","status":"publish","type":"product","link":"https:\/\/smania.store\/ee\/toode\/reguleeritav-ja-hingav-voodi-seljatugi-bedlift\/","title":{"rendered":"Reguleeritav ja hingav voodi seljatugi BedLift\u2122"},"content":{"rendered":"<div class=\"smania_landing_description_title\">UUS: BedLift\u2122 \u2013 maksimaalse mugavuse tagamiseks voodis<\/div>\n<div class=\"smania_landing_description_txt\">Ideaalne eakatele, rasedatele ja liikumispuudega inimestele!<\/div>\n<div class=\"smania_landing_description_subtitle\">Kas soovite t\u00e4iuslikku tuge l\u00f5\u00f5gastudes, lugedes v\u00f5i voodis t\u00f6\u00f6tades? Avastage BedLift\u2122 reguleeritav hingav voodiseljatugi, mis on loodud pakkuma \u00fclimat tuge ja mugavust. Las see imeline reguleeritav seljatoe hellitab end ja muuda iga voodis veedetud hetk puhtaks naudinguks!<\/div>\n<div class=\"smania_landing_description_list\">\n<ul>\n<li>Reguleeritav kaldenurk 6 asendisse vahemikus 0\u00b0 kuni 80\u00b0<\/li>\n<li>Ergonoomiline tugi seljale, kaelale, taljele ja k\u00e4tele<\/li>\n<li>Vastupidav ja k\u00f5rge tugevusega terasraam<\/li>\n<li>Hingav ja mugav kangas<\/li>\n<li>Ideaalne eakatele, rasedatele ja liikumispuudega inimestele<\/li>\n<li>Ideaalne lugemiseks, filmide vaatamiseks v\u00f5i voodis t\u00f6\u00f6tamiseks<\/li>\n<\/ul><\/div>\n","protected":false},"excerpt":{"rendered":"<p>Reguleeritav kaldenurk tagab maksimaalse mugavuse|Tugev ja vastupidav konstruktsioon|Optimaalne hingavus pikkadeks seanssideks|Mugavad polsterdatud k\u00e4etoed|Eemaldatav padi|Kasutage seda kodus, rannas, telkides|6 reguleeritavat nurka: 0\u00b0\u201380\u00b0|Libisemiskindel disain|K\u00f5rgus: 31-55 cm|Materjal: k\u00f5rge s\u00fcsinikusisaldusega teras, PVC v\u00f5rkkangas|Max kaal: 136 kg|Kaal: 3 kg<\/p>\n","protected":false},"featured_media":30019,"template":"","meta":[],"product_cat":[1594],"product_tag":[1931],"acf":[],"_links":{"self":[{"href":"https:\/\/smania.store\/ee\/wp-json\/wp\/v2\/product\/30031"}],"collection":[{"href":"https:\/\/smania.store\/ee\/wp-json\/wp\/v2\/product"}],"about":[{"href":"https:\/\/smania.store\/ee\/wp-json\/wp\/v2\/types\/product"}],"wp:featuredmedia":[{"embeddable":true,"href":"https:\/\/smania.store\/ee\/wp-json\/wp\/v2\/media\/30019"}],"wp:attachment":[{"href":"https:\/\/smania.store\/ee\/wp-json\/wp\/v2\/media?parent=30031"}],"wp:term":[{"taxonomy":"product_cat","embeddable":true,"href":"https:\/\/smania.store\/ee\/wp-json\/wp\/v2\/product_cat?post=30031"},{"taxonomy":"product_tag","embeddable":true,"href":"https:\/\/smania.store\/ee\/wp-json\/wp\/v2\/product_tag?post=30031"}],"curies":[{"name":"wp","href":"https:\/\/api.w.org\/{rel}","templated":true}]}}