{"id":30003,"date":"2025-03-06T10:26:11","date_gmt":"2025-03-06T09:26:11","guid":{"rendered":"https:\/\/smania.store\/ee\/toode\/kokkupandav-vannitoa-riiul-bathlux\/"},"modified":"2025-05-23T08:21:55","modified_gmt":"2025-05-23T06:21:55","slug":"kokkupandav-vannitoa-riiul-bathlux","status":"publish","type":"product","link":"https:\/\/smania.store\/ee\/toode\/kokkupandav-vannitoa-riiul-bathlux\/","title":{"rendered":"Kokkupandav vannitoa riiul BathLux\u2122"},"content":{"rendered":"<div class=\"smania_landing_description_title\">UUS: s\u00e4\u00e4stke ruumi, maksimeerige mugavust<\/div>\n<div class=\"smania_landing_description_txt\">Tooge oma vannituppa korda ilma ruumi v\u00f5tmata!<\/div>\n<div class=\"smania_landing_description_subtitle\">Tooge elegantsust ja korda meie seinale paigaldatava kokkupandava vannitoa riiuliga BathLux\u2122. See vastupidavast alumiiniumist valmistatud seinakinnitus on kohustuslik aksessuaar teie vannituppa, magamistuppa v\u00f5i k\u00f6\u00f6ki! See on vastupidav, kuid samas kerge ja uskumatult suure kandev\u00f5imega. Lisaks klapib see peenelt seinale, vabastades vajaduse korral v\u00e4\u00e4rtuslikku p\u00f5randapinda. Sobib ideaalselt nii v\u00e4ikestesse kui ka suurtesse kodudesse.<\/div>\n<div class=\"smania_landing_description_list\">\n<ul>\n<li>Korraldage oma ruumi laitmatult<\/li>\n<li>Valmistatud kergest, kuid vastupidavast alumiiniumist<\/li>\n<li>Kiire ja lihtne paigaldus koos iminapadega<\/li>\n<li>Minimalistlik disain, mis sobib igasse koju<\/li>\n<li>Sobib ideaalselt vannituppa, k\u00f6\u00f6ki ja mujale<\/li>\n<\/ul><\/div>\n","protected":false},"excerpt":{"rendered":"<p>Sobib ideaalselt v\u00e4iksematesse korteritesse ja ruumidesse|Lisab koheselt elegantsust teie koju|Vastupidav ja disainitud kestma|Kerge, minimalistlik disain|Suur kandev\u00f5ime|Lihtne kokku panna, s\u00e4\u00e4stab v\u00e4\u00e4rtuslikku ruumi|Kiire paigaldus kaasasolevate iminapakettidega|Kokkupandud m\u00f5\u00f5tmed: 47 x 15 x 21,8 cm|Kokkupandud m\u00f5\u00f5tmed: 47 x 21,8 x 21,2 cm|Paigaldusmeetod: seinale paigaldatav|Materjal: alumiinium<\/p>\n","protected":false},"featured_media":30801,"template":"","meta":[],"product_cat":[1594],"product_tag":[1647],"acf":[],"_links":{"self":[{"href":"https:\/\/smania.store\/ee\/wp-json\/wp\/v2\/product\/30003"}],"collection":[{"href":"https:\/\/smania.store\/ee\/wp-json\/wp\/v2\/product"}],"about":[{"href":"https:\/\/smania.store\/ee\/wp-json\/wp\/v2\/types\/product"}],"wp:featuredmedia":[{"embeddable":true,"href":"https:\/\/smania.store\/ee\/wp-json\/wp\/v2\/media\/30801"}],"wp:attachment":[{"href":"https:\/\/smania.store\/ee\/wp-json\/wp\/v2\/media?parent=30003"}],"wp:term":[{"taxonomy":"product_cat","embeddable":true,"href":"https:\/\/smania.store\/ee\/wp-json\/wp\/v2\/product_cat?post=30003"},{"taxonomy":"product_tag","embeddable":true,"href":"https:\/\/smania.store\/ee\/wp-json\/wp\/v2\/product_tag?post=30003"}],"curies":[{"name":"wp","href":"https:\/\/api.w.org\/{rel}","templated":true}]}}