{"id":27985,"date":"2023-07-19T11:32:54","date_gmt":"2023-07-19T09:32:54","guid":{"rendered":"https:\/\/smania.store\/ee\/toode\/kapi-organiseerimiskomplekt-tidix\/"},"modified":"2023-07-19T11:32:58","modified_gmt":"2023-07-19T09:32:58","slug":"kapi-organiseerimiskomplekt-tidix","status":"publish","type":"product","link":"https:\/\/smania.store\/ee\/toode\/kapi-organiseerimiskomplekt-tidix\/","title":{"rendered":"Kapi organiseerimiskomplekt TidiX"},"content":{"rendered":"<div class=\"smania_landing_description_title\">UUS! Kapi organiseerija TidiX<\/div>\n<div class=\"smania_landing_description_txt\">Kasuta kapiruumi maksimaalselt \u00e4ra!<\/div>\n<div class=\"smania_landing_description_subtitle\">Organiseeri oma alusp\u00fckse, sokke, rinnahoidjad v\u00f5i aksessuaare mitmek\u00fclgse TidiX kapi organiseerijaga. Reguleeritavate pesade, kompaktse suuruse ja aukudeta paigaldatav elegantne ja vastupidav hoiukarp on ideaalne kogu ruumi \u00e4ra kasutamiseks sinu kapis, kummutis v\u00f5i seinal.<\/div>\n<div class=\"smania_landing_description_list\">\n<ul>\n<li>Elegantne, l\u00e4bipaistev disain<\/li>\n<li>6 reguleeritavat pesa<\/li>\n<li>Mahutab mitu paari alusp\u00fckse, sokke v\u00f5i rinnahoidjaid<\/li>\n<li>Aukudeta paigaldamine mitmek\u00fclgseks kasutamiseks<\/li>\n<li>Saadaval 3 v\u00e4rvitoonis 4-osalise komplektina<\/li>\n<\/ul><\/div>\n","protected":false},"excerpt":{"rendered":"<p>6 pesa|Eemaldatavad vaheseinad|Sujuv v\u00e4ljat\u00f5mmatav disain|S\u00e4\u00e4stab ruumi|Sobib kaablite, ehete, maitseainete ja muude v\u00e4ikeste esemete jaoks|Ilma puurimiseta paigaldatav|Tolmu- ja veekindel|Materjal: HIPS, PET|Suurus: 36 \u00d7 8,3 \u00d7 10,7 cm|Kaal: 400 g\/t\u00fckk<\/p>\n","protected":false},"featured_media":27976,"template":"","meta":[],"product_cat":[1594],"product_tag":[1931],"acf":[],"_links":{"self":[{"href":"https:\/\/smania.store\/ee\/wp-json\/wp\/v2\/product\/27985"}],"collection":[{"href":"https:\/\/smania.store\/ee\/wp-json\/wp\/v2\/product"}],"about":[{"href":"https:\/\/smania.store\/ee\/wp-json\/wp\/v2\/types\/product"}],"wp:featuredmedia":[{"embeddable":true,"href":"https:\/\/smania.store\/ee\/wp-json\/wp\/v2\/media\/27976"}],"wp:attachment":[{"href":"https:\/\/smania.store\/ee\/wp-json\/wp\/v2\/media?parent=27985"}],"wp:term":[{"taxonomy":"product_cat","embeddable":true,"href":"https:\/\/smania.store\/ee\/wp-json\/wp\/v2\/product_cat?post=27985"},{"taxonomy":"product_tag","embeddable":true,"href":"https:\/\/smania.store\/ee\/wp-json\/wp\/v2\/product_tag?post=27985"}],"curies":[{"name":"wp","href":"https:\/\/api.w.org\/{rel}","templated":true}]}}