{"id":26750,"date":"2023-05-10T10:08:24","date_gmt":"2023-05-10T08:08:24","guid":{"rendered":"https:\/\/smania.store\/ee\/toode\/bbq-poletusraud-sizzler\/"},"modified":"2023-05-10T10:08:24","modified_gmt":"2023-05-10T08:08:24","slug":"bbq-poletusraud-sizzler","status":"publish","type":"product","link":"https:\/\/smania.store\/ee\/toode\/bbq-poletusraud-sizzler\/","title":{"rendered":"BBQ p\u00f5letusraud Sizzler"},"content":{"rendered":"<div class=\"smania_landing_description_title\">UUS! BBQ p\u00f5letusraud Sizzler<\/div>\n<div class=\"smania_landing_description_txt\">\u00dcllata oma k\u00fclalisi personaliseeritud lihal\u00f5ikudega!<\/div>\n<div class=\"smania_landing_description_subtitle\">V\u00fcrtsista oma j\u00e4rgmist grillipidu meie kvaliteetse Sizzler BBQ p\u00f5letusrauaga. 55 t\u00e4he ja 8 t\u00fchikuga on lihtne luua unikaalseid s\u00f5numeid, nimesid v\u00f5i nalju lihale, burgeritele, kanale ja isegi k\u00f6\u00f6giviljadele. Hangi oma Sizzler BBQ p\u00f5letusraud kohe ja saa t\u00f5eliseks grillmeistriks!<\/div>\n<div class=\"smania_landing_description_list\">\n<ul>\n<li>Unikaalsed s\u00f5numid, nimed ja naljad<\/li>\n<li>Kirja on lihtne vahetada<\/li>\n<li>Lisab sinu grillipeole s\u00e4rtsu<\/li>\n<li>Ideaalne liha, burgerite, kana ja isegi k\u00f6\u00f6giviljade jaoks<\/li>\n<li>Valmistatud kvaliteetsetest, vastupidavatest materjalidest<\/li>\n<\/ul><\/div>\n","protected":false},"excerpt":{"rendered":"<p>Kuumakindel puidust k\u00e4epide|Kerge ja kaasaskantav|Suurep\u00e4rane kingitus BBQ- ja grillis\u00f5pradele|Sisaldab 55 t\u00e4hte ja 8 t\u00fchikut|Lihtne kasutada ja puhastada|Kauakestev ja vastupidav|Materjal: alumiiniumisulam, puit|P\u00f5letusraua suurus: 43,5 \u00d7 8,7 cm<\/p>\n","protected":false},"featured_media":26740,"template":"","meta":[],"product_cat":[1602,1772],"product_tag":[1644],"acf":[],"_links":{"self":[{"href":"https:\/\/smania.store\/ee\/wp-json\/wp\/v2\/product\/26750"}],"collection":[{"href":"https:\/\/smania.store\/ee\/wp-json\/wp\/v2\/product"}],"about":[{"href":"https:\/\/smania.store\/ee\/wp-json\/wp\/v2\/types\/product"}],"wp:featuredmedia":[{"embeddable":true,"href":"https:\/\/smania.store\/ee\/wp-json\/wp\/v2\/media\/26740"}],"wp:attachment":[{"href":"https:\/\/smania.store\/ee\/wp-json\/wp\/v2\/media?parent=26750"}],"wp:term":[{"taxonomy":"product_cat","embeddable":true,"href":"https:\/\/smania.store\/ee\/wp-json\/wp\/v2\/product_cat?post=26750"},{"taxonomy":"product_tag","embeddable":true,"href":"https:\/\/smania.store\/ee\/wp-json\/wp\/v2\/product_tag?post=26750"}],"curies":[{"name":"wp","href":"https:\/\/api.w.org\/{rel}","templated":true}]}}