{"id":24602,"date":"2022-11-24T10:58:59","date_gmt":"2022-11-24T09:58:59","guid":{"rendered":"https:\/\/smania.store\/ee\/toode\/varrukatega-fliistekk-snughug\/"},"modified":"2024-01-03T07:55:34","modified_gmt":"2024-01-03T06:55:34","slug":"varrukatega-fliistekk-snughug","status":"publish","type":"product","link":"https:\/\/smania.store\/ee\/toode\/varrukatega-fliistekk-snughug\/","title":{"rendered":"Varrukatega fliistekk SnugHug"},"content":{"rendered":"<div class=\"smania_landing_description_title\">Uus e-poe hitt! Varrukatega fliistekk SnugHug<\/div>\n<div class=\"smania_landing_description_txt\">Naudi SnugHug varrukatega teki sooja embust!<\/div>\n<div class=\"smania_landing_description_subtitle\">Pane selga soe SnugHug tekk ja naudi ka k\u00f5ige k\u00fclmemaid p\u00e4evi. Veetleva disainiga kvaliteetne toode hoolitseb sinu mugavuse eest nii kodus kui ka k\u00fclmadel \u00f6\u00f6del t\u00e4htede all.<\/div>\n<div class=\"smania_landing_description_list\">\n<ul>\n<li>Valmistatud soojast kvaliteetsest fliisist<\/li>\n<li>Pehme ja mugav<\/li>\n<li>K\u00fclma peletavad kapuuts ja varrukad<\/li>\n<li>Erinevad v\u00e4rvivalikud<\/li>\n<li>Nii toas kui \u00f5ues kasutamiseks<\/li>\n<\/ul><\/div>\n","protected":false},"excerpt":{"rendered":"<p>Imetlusv\u00e4\u00e4rne disain|Erakordselt soe|Kvaliteetselt valmistatud|Erinevad v\u00e4rvivalikud|Materjal: 100% pol\u00fcesterkiud|Erakordne mugavus|\u00dcks suurus sobib k\u00f5igile|Ideaalne kingitus talvekuudel<\/p>\n","protected":false},"featured_media":24671,"template":"","meta":[],"product_cat":[1924,1600],"product_tag":[1634,1655,1654,1929,1607],"acf":[],"_links":{"self":[{"href":"https:\/\/smania.store\/ee\/wp-json\/wp\/v2\/product\/24602"}],"collection":[{"href":"https:\/\/smania.store\/ee\/wp-json\/wp\/v2\/product"}],"about":[{"href":"https:\/\/smania.store\/ee\/wp-json\/wp\/v2\/types\/product"}],"wp:featuredmedia":[{"embeddable":true,"href":"https:\/\/smania.store\/ee\/wp-json\/wp\/v2\/media\/24671"}],"wp:attachment":[{"href":"https:\/\/smania.store\/ee\/wp-json\/wp\/v2\/media?parent=24602"}],"wp:term":[{"taxonomy":"product_cat","embeddable":true,"href":"https:\/\/smania.store\/ee\/wp-json\/wp\/v2\/product_cat?post=24602"},{"taxonomy":"product_tag","embeddable":true,"href":"https:\/\/smania.store\/ee\/wp-json\/wp\/v2\/product_tag?post=24602"}],"curies":[{"name":"wp","href":"https:\/\/api.w.org\/{rel}","templated":true}]}}