{"id":22880,"date":"2022-08-23T09:03:33","date_gmt":"2022-08-23T07:03:33","guid":{"rendered":"https:\/\/smania.store\/ee\/toode\/kaasaskantav-piknikumatt-relaxnow\/"},"modified":"2023-08-30T14:39:38","modified_gmt":"2023-08-30T12:39:38","slug":"kaasaskantav-piknikumatt-relaxnow","status":"publish","type":"product","link":"https:\/\/smania.store\/ee\/toode\/kaasaskantav-piknikumatt-relaxnow\/","title":{"rendered":"Kaasaskantav rannamatt RelaxNow"},"content":{"rendered":"<div class=\"smania_landing_description_title\">UUS! Kaasaskantav rannamatt RelaxNow<\/div>\n<div class=\"smania_landing_description_txt\">Nautige kogu mugavust rannas lamades!<\/div>\n<div class=\"smania_landing_description_subtitle\">Nautige k\u00f5iki rannam\u00f5nusid, ilma et peaksite muretsema t\u00fc\u00fctu liiva v\u00f5i vee p\u00e4rast. Valige liiva- ja veekindlate mudelite vahel ja alustage oma seiklusterohke suvega!<\/div>\n<div class=\"smania_landing_description_list\">\n<ul>\n<li>Kaasaskantav ja kompaktne disain lihtsamaks hoiustamiseks <\/li>\n<li>Valmistatud \u00fclimalt vastupidavast TPU-st ja pol\u00fcestrist igap\u00e4evaseks kasutamiseks<\/li>\n<li>Kaasas 4 pulka mati paigale kinnitamiseks <\/li>\n<li>Ideaalne telkimiseks ja rannas seiklemiseks v\u00f5i m\u00e4ngumatiks <\/li>\n<li>Vabanege igasugusest h\u00e4irivast liivast \u00fche p\u00fchkimisega<\/li>\n<\/ul><\/div>\n","protected":false},"excerpt":{"rendered":"<p>Piisavalt suur kogu perele|Vabane \u00fclem\u00e4\u00e4rasest liivast kiiresti|Vetth\u00fclgav kate|Kerge ja vastupidav|Sise- ja v\u00e4listingimustes kasutamiseks|Kriimustusvastane kangas|Kokkupandav ja lihtne kaasas kanda|Kaasas 4 pulka|Lihtne puhastada|Materjal: pol\u00fcester ja TPU<\/p>\n","protected":false},"featured_media":28253,"template":"","meta":[],"product_cat":[1772,1600],"product_tag":[1679],"acf":[],"_links":{"self":[{"href":"https:\/\/smania.store\/ee\/wp-json\/wp\/v2\/product\/22880"}],"collection":[{"href":"https:\/\/smania.store\/ee\/wp-json\/wp\/v2\/product"}],"about":[{"href":"https:\/\/smania.store\/ee\/wp-json\/wp\/v2\/types\/product"}],"wp:featuredmedia":[{"embeddable":true,"href":"https:\/\/smania.store\/ee\/wp-json\/wp\/v2\/media\/28253"}],"wp:attachment":[{"href":"https:\/\/smania.store\/ee\/wp-json\/wp\/v2\/media?parent=22880"}],"wp:term":[{"taxonomy":"product_cat","embeddable":true,"href":"https:\/\/smania.store\/ee\/wp-json\/wp\/v2\/product_cat?post=22880"},{"taxonomy":"product_tag","embeddable":true,"href":"https:\/\/smania.store\/ee\/wp-json\/wp\/v2\/product_tag?post=22880"}],"curies":[{"name":"wp","href":"https:\/\/api.w.org\/{rel}","templated":true}]}}