{"id":22609,"date":"2022-08-22T12:51:21","date_gmt":"2022-08-22T10:51:21","guid":{"rendered":"https:\/\/smania.store\/ee\/toode\/juuste-sirgendaja-kamm-combihair\/"},"modified":"2024-01-30T12:30:35","modified_gmt":"2024-01-30T11:30:35","slug":"juuste-sirgendaja-kamm-combihair","status":"publish","type":"product","link":"https:\/\/smania.store\/ee\/toode\/juuste-sirgendaja-kamm-combihair\/","title":{"rendered":"Juuste sirgendaja kamm CombiHair"},"content":{"rendered":"<div class=\"smania_landing_description_title\">UUS! Juuste sirgendaja kamm CombiHair<\/div>\n<div class=\"smania_landing_description_txt\">Kiire ja vaevatu juuste kujundamine!<\/div>\n<div class=\"smania_landing_description_subtitle\">Stiliseerige oma juuksed ja habe korralikult uue CombiHairi mitmeotstarbelise juuksekammi ja -sirgendajaga. Parandage oma v\u00e4limus ja asuge p\u00e4evale stiilselt vastu!<\/div>\n<div class=\"smania_landing_description_list\">\n<ul>\n<li>Lihtne ja mugav kasutada<\/li>\n<li>Ergonoomilise disainiga k\u00e4epide<\/li>\n<li>Sirgustab teie juuksed ja habe kiiresti<\/li>\n<li>Kaitsekamm kaitseb nahka ja juukseid p\u00f5letuse eest<\/li>\n<li>Paar minutit stiliseerimist, mis kestab terve p\u00e4eva<\/li>\n<\/ul><\/div>\n","protected":false},"excerpt":{"rendered":"<p>Sobib pikkadele ja l\u00fchikestele juustele|Ideaalne sassis habeme jaoks|Kauakestvad stiilitulemused|Suurendage vol\u00fc\u00fcmi, sirgendage v\u00f5i tasandage juukseid|Ergonoomiline k\u00e4epide|Materjal: ABS, metallisulam|Suurus: 3 \u00d7 23 cm|Kaal: 250 g<\/p>\n","protected":false},"featured_media":23942,"template":"","meta":[],"product_cat":[1599],"product_tag":[1651,1634],"acf":[],"_links":{"self":[{"href":"https:\/\/smania.store\/ee\/wp-json\/wp\/v2\/product\/22609"}],"collection":[{"href":"https:\/\/smania.store\/ee\/wp-json\/wp\/v2\/product"}],"about":[{"href":"https:\/\/smania.store\/ee\/wp-json\/wp\/v2\/types\/product"}],"wp:featuredmedia":[{"embeddable":true,"href":"https:\/\/smania.store\/ee\/wp-json\/wp\/v2\/media\/23942"}],"wp:attachment":[{"href":"https:\/\/smania.store\/ee\/wp-json\/wp\/v2\/media?parent=22609"}],"wp:term":[{"taxonomy":"product_cat","embeddable":true,"href":"https:\/\/smania.store\/ee\/wp-json\/wp\/v2\/product_cat?post=22609"},{"taxonomy":"product_tag","embeddable":true,"href":"https:\/\/smania.store\/ee\/wp-json\/wp\/v2\/product_tag?post=22609"}],"curies":[{"name":"wp","href":"https:\/\/api.w.org\/{rel}","templated":true}]}}